{"id":10338,"date":"2021-01-26T19:59:36","date_gmt":"2021-01-26T19:59:36","guid":{"rendered":"http:\/\/tacambaro.gob.mx\/?page_id=10338"},"modified":"2021-02-04T18:02:45","modified_gmt":"2021-02-04T18:02:45","slug":"bienvenidosas-al-portal-de-pagos-del-municipio-de-tacambaro-michoacan","status":"publish","type":"page","link":"https:\/\/tacambaro.gob.mx\/?page_id=10338","title":{"rendered":"<h3><span style=\"color: #DAA520;\">Bienvenidos\/as al portal de pagos del Municipio de Tac\u00e1mbaro, Michoac\u00e1n.<\/span><\/h3>"},"content":{"rendered":"<h2><span style=\"color: #DAA520;\"> Honorable Ayuntamiento de Tac\u00e1mbaro 2018 &#8211; 2021<\/span><\/h2>\n<li>Para realizar su pago es importante seleccionar el tipo de predio, si es predio r\u00fastico o si es predio urbano, seguido por el n\u00famero de cuenta predial y apellido paterno; Para saber el tipo y n\u00famero de predio deber\u00e1s tener a la mano el recibo de pago de a\u00f1os anteriores<\/li>\n<p><a href=\"http:\/\/tacambaro.gob.mx\/wp-content\/uploads\/2021\/02\/ejemplo-para-predial.jpg\"><img fetchpriority=\"high\" decoding=\"async\" src=\"http:\/\/tacambaro.gob.mx\/wp-content\/uploads\/2021\/02\/ejemplo-para-predial.jpg\" alt=\"\" width=\"1280\" height=\"452\" class=\"aligncenter size-full wp-image-10491\" \/><\/a><\/p>\n<li>Si requiere factura deber\u00e1 solicitarla con sus datos fiscales y su comprobante de pago, enviando un correo electr\u00f3nico a la direcci\u00f3n <a href=\"https:\/\/accounts.google.com\/ServiceLogin\/signinchooser?service=mail&#038;passive=true&#038;rm=false&#038;continue=https%3A%2F%2Fmail.google.com%2Fmail%2F%3Ftab%3Drm%26ogbl&#038;scc=1&#038;ltmpl=default&#038;ltmplcache=2&#038;emr=1&#038;osid=1&#038;flowName=GlifWebSignIn&#038;flowEntry=ServiceLogin\" rel=\"noopener noreferrer\" target=\"_blank\"> <span style=\"color: #DAA520;\"> predialtacambaro@gmail.com <\/span> <\/a>, dentro del mismo mes en el que realiz\u00f3 el pago<\/li>\n<p>Los pagos se ver\u00e1n reflejados en un periodo de 24 a 72 hrs.<\/p>\n<p> <strong>Atenci\u00f3n!!<\/strong> Necesita usar Mozilla Firefox, si no cuenta con el navegador lo puede descargar <a href=\"https:\/\/www.mozilla.org\/es-MX\/firefox\/new\/\"><span style=\"color: #DAA520;\">aqu\u00ed<\/span><\/a><\/p>\n<p><a href=\"http:\/\/sacpi.michoacan.gob.mx\/frm_cpredial.aspx\" rel=\"noopener noreferrer\" target=\"_blank\"><\/p>\n<h2><span style=\"color: #DAA520;\"><\/p>\n<div align=\"center\"><strong>PAGAR PREDIAL<\/strong><\/div>\n<p><\/span><\/h2>\n<p><\/a><\/p>\n","protected":false},"excerpt":{"rendered":"<p>Honorable Ayuntamiento de Tac\u00e1mbaro 2018 &#8211; 2021 Para realizar su pago es importante seleccionar el tipo de predio, si es predio r\u00fastico o si es predio urbano, seguido por el n\u00famero de cuenta predial y apellido paterno; Para saber el tipo y n\u00famero de predio deber\u00e1s tener a la mano el recibo de pago de&hellip;<\/p>\n","protected":false},"author":1,"featured_media":0,"parent":0,"menu_order":0,"comment_status":"closed","ping_status":"closed","template":"","meta":{"om_disable_all_campaigns":false,"_monsterinsights_skip_tracking":false,"_monsterinsights_sitenote_active":false,"_monsterinsights_sitenote_note":"","_monsterinsights_sitenote_category":0,"footnotes":""},"class_list":["post-10338","page","type-page","status-publish","hentry"],"aioseo_notices":[],"rttpg_featured_image_url":null,"rttpg_author":{"display_name":"H. AYUNTAMIENTO DE TACAMBARO","author_link":"https:\/\/tacambaro.gob.mx\/?author=1"},"rttpg_comment":0,"rttpg_category":null,"rttpg_excerpt":"Honorable Ayuntamiento de Tac\u00e1mbaro 2018 &#8211; 2021 Para realizar su pago es importante seleccionar el tipo de predio, si es predio r\u00fastico o si es predio urbano, seguido por el n\u00famero de cuenta predial y apellido paterno; Para saber el tipo y n\u00famero de predio deber\u00e1s tener a la mano el recibo de pago de&hellip;","_links":{"self":[{"href":"https:\/\/tacambaro.gob.mx\/index.php?rest_route=\/wp\/v2\/pages\/10338","targetHints":{"allow":["GET"]}}],"collection":[{"href":"https:\/\/tacambaro.gob.mx\/index.php?rest_route=\/wp\/v2\/pages"}],"about":[{"href":"https:\/\/tacambaro.gob.mx\/index.php?rest_route=\/wp\/v2\/types\/page"}],"author":[{"embeddable":true,"href":"https:\/\/tacambaro.gob.mx\/index.php?rest_route=\/wp\/v2\/users\/1"}],"replies":[{"embeddable":true,"href":"https:\/\/tacambaro.gob.mx\/index.php?rest_route=%2Fwp%2Fv2%2Fcomments&post=10338"}],"version-history":[{"count":90,"href":"https:\/\/tacambaro.gob.mx\/index.php?rest_route=\/wp\/v2\/pages\/10338\/revisions"}],"predecessor-version":[{"id":10514,"href":"https:\/\/tacambaro.gob.mx\/index.php?rest_route=\/wp\/v2\/pages\/10338\/revisions\/10514"}],"wp:attachment":[{"href":"https:\/\/tacambaro.gob.mx\/index.php?rest_route=%2Fwp%2Fv2%2Fmedia&parent=10338"}],"curies":[{"name":"wp","href":"https:\/\/api.w.org\/{rel}","templated":true}]}}