{"id":12759,"date":"2022-05-12T16:46:30","date_gmt":"2022-05-12T16:46:30","guid":{"rendered":"http:\/\/tacambaro.gob.mx\/?page_id=12759"},"modified":"2025-03-14T14:02:08","modified_gmt":"2025-03-14T14:02:08","slug":"presupuesto-panteones","status":"publish","type":"page","link":"https:\/\/tacambaro.gob.mx\/?page_id=12759","title":{"rendered":"Presupuesto Panteones"},"content":{"rendered":"\t\t<div data-elementor-type=\"wp-page\" data-elementor-id=\"12759\" class=\"elementor elementor-12759\">\n\t\t\t\t<div class=\"elementor-element elementor-element-66b95b18 e-flex e-con-boxed e-con e-parent\" data-id=\"66b95b18\" data-element_type=\"container\" data-e-type=\"container\">\n\t\t\t\t\t<div class=\"e-con-inner\">\n\t\t\t\t<div class=\"elementor-element elementor-element-6f4c546e elementor-widget elementor-widget-text-editor\" data-id=\"6f4c546e\" data-element_type=\"widget\" data-e-type=\"widget\" data-widget_type=\"text-editor.default\">\n\t\t\t\t<div class=\"elementor-widget-container\">\n\t\t\t\t\t\t\t\t\t<h1> <span style=\"color: #00000;\">Presupuesto Panteones 2024 <\/span> <\/h1>\n\n\n<a href=\"https:\/\/tacambaro.gob.mx\/wp-content\/uploads\/2025\/03\/1.Informacion-adicional-a-la-iniciativa-de-Ley-de-Ingresos-2024.pdf\" rel=\"noopener noreferrer\" target=\"_blank\"> <span style=\"color: #191919;\"> 1.Informaci\u00f3n adicional a la iniciativa de Ley de Ingresos 2024<\/a>\n\n<br>\n\n<a href=\"https:\/\/tacambaro.gob.mx\/wp-content\/uploads\/2025\/03\/2.-Informacion-adicional-del-Proyecto-del-Presupuesto-de-Egresos-2024.pdf\" rel=\"noopener noreferrer\" target=\"_blank\"> <span style=\"color: #191919;\"> 2. Informaci\u00f3n adicional del Proyecto del Presupuesto de Egresos 2024<\/a>\n\n<br>\n\n<a href=\"https:\/\/tacambaro.gob.mx\/wp-content\/uploads\/2025\/03\/3.-Difusion-a-la-ciudadania-de-la-Ley-de-Ingresos-y-del-Presupuesto-de-Egresos-2024.pdf\" rel=\"noopener noreferrer\" target=\"_blank\"> <span style=\"color: #191919;\"> 3. Difusi\u00f3n a la ciudadan\u00eda de la Ley de Ingresos y del Presupuesto de Egresos 2024<\/a>\n<br>\n\n<a href=\"https:\/\/tacambaro.gob.mx\/wp-content\/uploads\/2025\/03\/4.-Calendario-de-Ingresos-Base-Mensual-2024.pdf\" rel=\"noopener noreferrer\" target=\"_blank\"> <span style=\"color: #191919;\">  4. Calendario de Ingresos Base Mensual 2024<\/a>\n\n<br>\n\n<a href=\"https:\/\/tacambaro.gob.mx\/wp-content\/uploads\/2025\/03\/5.-Calendario-de-Egresos-Base-Mensual-2024.pdf\" rel=\"noopener noreferrer\" target=\"_blank\"> <span style=\"color: #191919;\"> 5. Calendario de Egresos Base Mensual 2024<\/a>\n\n<br>\n\n\n<a href=\"https:\/\/tacambaro.gob.mx\/wp-content\/uploads\/2025\/03\/6.-Tabulador-de-Sueldos-2024.pdf\" rel=\"noopener noreferrer\" target=\"_blank\"> <span style=\"color: #191919;\"> 6. Tabulador de Sueldos 2024<\/a>\n\n<br>\n\n<a href=\"https:\/\/tacambaro.gob.mx\/wp-content\/uploads\/2025\/03\/7.-Ley-de-Ingresos-del-Organismo-Publico-Descentralizado-Panteon-Municipal-san-Jeronimo-Ejercicio-Fiscal-2024.pdf\"><span style=\"color: #191919;\">7.-Ley de Ingresos del Organismo Publico Descentralizado Pante\u00f3n Municipal san Jer\u00f3nimo Ejercicio Fiscal 2024<\/a>\n\n<br>\n\n<a href=\"https:\/\/tacambaro.gob.mx\/wp-content\/uploads\/2025\/03\/8.-Dictamen-con-proyecto-de-decreto-de-aprobacion-de-la-Ley-de-Ingresos-Ejercicio-Fiscal-2024.pdf\"><span style=\"color: #191919;\">8. Dictamen con proyecto de decreto de aprobaci\u00f3n de la Ley de Ingresos Ejercicio Fiscal 2024<\/a>\n\n<br>\n\n<a href=\"https:\/\/tacambaro.gob.mx\/wp-content\/uploads\/2025\/03\/9.-Aprobacion-de-cabildo-del-Presupuesto-de-Egresos-2024-1-1.pdf\"><span style=\"color: #191919;\">9. Aprobaci\u00f3n de cabildo del Presupuesto de Egresos 2024<\/a>\n<br>\n\n<h1> <span style=\"color: #00000;\">Presupuesto Panteones 2023 <\/span> <\/h1>\n\n<a href=\"https:\/\/tacambaro.gob.mx\/wp-content\/uploads\/2023\/02\/1.Informaci\u00f3n-adicional-a-la-iniciativa-de-Ley-de-Ingresos-2023.pdf\"><span style=\"color: #191919;\">1.Informaci\u00f3n adicional a la iniciativa de Ley de Ingresos 2023<\/a>\n\n\n<br>\n\n<a href=\"https:\/\/tacambaro.gob.mx\/wp-content\/uploads\/2023\/02\/2.-Informaci\u00f3n-adicional-del-Proyecto-del-Presupuesto-de-Egresos-2023-copia.pdf\"><span style=\"color: #191919;\">2. Informaci\u00f3n adicional del Proyecto del Presupuesto de Egresos 2023 &#8211; copia<\/a>\n\n<br>\n\n<a href=\"https:\/\/tacambaro.gob.mx\/wp-content\/uploads\/2023\/02\/3.-Difusi\u00f3n-a-la-ciudadan\u00eda-de-la-Ley-de-Ingresos-y-del-Presupuesto-de-Egresos-2023.pdf\"><span style=\"color: #191919;\">3. Difusi\u00f3n a la ciudadan\u00eda de la Ley de Ingresos y del Presupuesto de Egresos 2023<\/a>\n\n<br>\n\n<a href=\"https:\/\/tacambaro.gob.mx\/wp-content\/uploads\/2023\/02\/4.-Calendario-de-Ingresos-Base-Mensual-2023.pdf\"><span style=\"color: #191919;\">4. Calendario de Ingresos Base Mensual 2023<\/a>\n\n<br>\n\n<a href=\"https:\/\/tacambaro.gob.mx\/wp-content\/uploads\/2023\/02\/5.-Calendario-de-Egresos-Base-Mensual-2023.pdf\"><span style=\"color: #191919;\">5. Calendario de Egresos Base Mensual 2023<\/a>\n\n<br>\n\n<a href=\"https:\/\/tacambaro.gob.mx\/wp-content\/uploads\/2023\/02\/6.-Tabulador-de-Sueldos-2023.pdf\"><span style=\"color: #191919;\">6.-Tabulador de Sueldos 2023<\/a>\n\n<br>\n<a href=\"https:\/\/tacambaro.gob.mx\/wp-content\/uploads\/2023\/02\/7.-Ley-de-Ingresos-del-Organismo-Publico-Descentralizado-Pante\u00f3n-Municipal-san-Jer\u00f3nimo-Ejercicio-Fiscal-2023.pdf\"><span style=\"color: #191919;\">7.-Ley de Ingresos del Organismo Publico Descentralizado Pante\u00f3n Municipal san Jer\u00f3nimo Ejercicio Fiscal 2023<\/a>\n\n<br>\n\n<a href=\"https:\/\/tacambaro.gob.mx\/wp-content\/uploads\/2023\/02\/8.-Dictamen-con-proyecto-de-decreto-de-aprobaci\u00f3n-de-la-Ley-de-Ingresos-Ejercicio-Fiscal-2023.pdf\"><span style=\"color: #191919;\">8. Dictamen con proyecto de decreto de aprobaci\u00f3n de la Ley de Ingresos Ejercicio Fiscal 2023<\/a>\n\n<br>\n\n<a href=\"https:\/\/tacambaro.gob.mx\/wp-content\/uploads\/2023\/02\/9.-Aprobaci\u00f3n-de-cabildo-del-Presupuesto-de-Egresos-2023.pdf\"><span style=\"color: #191919;\">9. Aprobaci\u00f3n de cabildo del Presupuesto de Egresos 2023<\/a>\n<br>\n\n<a href=\"https:\/\/tacambaro.gob.mx\/wp-content\/uploads\/2023\/02\/10.-Indicadores-de-resultados..pdf\"><span style=\"color: #191919;\">10. Indicadores de resultados.<\/a>\n\n<br>\n\n<h1> <span style=\"color: #00000;\">Presupuesto Panteones 2022 <\/span> <\/h1>\n\n\n<a href=\"http:\/\/tacambaro.gob.mx\/wp-content\/uploads\/2022\/05\/1.1.1.-PROYECTO-DEL-PRESUPUESTO-DE-INGRESOS-2022.pdf\" rel=\"noopener noreferrer\" target=\"_blank\"> <span style=\"color: #191919;\"> 1.Informaci\u00f3n adicional a la iniciativa de Ley de Ingresos 2022<\/a>\n\n<br>\n\n<a href=\"http:\/\/tacambaro.gob.mx\/wp-content\/uploads\/2022\/05\/1.1.2.-PROYECTO-DEL-PRESUPUESTO-DE-EGRESOS-2022.pdf\" rel=\"noopener noreferrer\" target=\"_blank\"> <span style=\"color: #191919;\"> 2. Informaci\u00f3n adicional del Proyecto del Presupuesto de Egresos 2022<\/a>\n\n<br>\n\n<a href=\"\" rel=\"noopener noreferrer\" target=\"_blank\"> <span style=\"color: #191919;\"> 3. Difusi\u00f3n a la ciudadan\u00eda de la Ley de Ingresos y del Presupuesto de Egresos 2022<\/a>\n<br>\n\n<a href=\"http:\/\/tacambaro.gob.mx\/wp-content\/uploads\/2022\/05\/1.1.4.-CALENDARIO-DE-INGRESOS-BASE-MENSUAL.pdf\" rel=\"noopener noreferrer\" target=\"_blank\"> <span style=\"color: #191919;\">  4. Calendario de Ingresos Base Mensual 2022<\/a>\n\n<br>\n\n<a href=\"http:\/\/tacambaro.gob.mx\/wp-content\/uploads\/2022\/05\/1.1.5.-CALENDARIO-DE-EGRESOS-BASE-MENSUAL.pdf\" rel=\"noopener noreferrer\" target=\"_blank\"> <span style=\"color: #191919;\"> 5. Calendario de Egresos Base Mensual 2022<\/a>\n\n<br>\n\n\n<a href=\"\" rel=\"noopener noreferrer\" target=\"_blank\"> <span style=\"color: #191919;\"> 6. Presupuesto de Ingresos y Egresos para el Ejercicio Fiscal 2022<\/a>\n\n<br>\n\n<a href=\"http:\/\/tacambaro.gob.mx\/wp-content\/uploads\/2022\/05\/1.1.7.-LEY-DE-INGRESOS-2022-TACAMBARO.pdf\" rel=\"noopener noreferrer\" target=\"_blank\"> <span style=\"color: #191919;\"> 7. Ley de Ingresos del Municipio de Tac\u00e1mbaro Michoac\u00e1n para el Ejercicio Fiscal del a\u00f1o 2022<\/a>\n\n<br>\n\n<a href=\"http:\/\/tacambaro.gob.mx\/wp-content\/uploads\/2022\/05\/1.1.8.-DICTAMEN-CON-PROYECTO-DE-DECRETO-.pdf\" rel=\"noopener noreferrer\" target=\"_blank\"> <span style=\"color: #191919;\"> 8. Dictamen con proyecto de decreto de aprobaci\u00f3n de la Ley de Ingresos Ejercicio Fiscal 2022<\/a>\n\n<br>\n\n<a href=\"\" rel=\"noopener noreferrer\" target=\"_blank\"> <span style=\"color: #191919;\"> 9. Aprobaci\u00f3n de cabildo del Presupuesto de Egresos 2022<\/a>\n<\/ul>\n\n\n\n\n\t\t\t\t\t\t\t\t<\/div>\n\t\t\t\t<\/div>\n\t\t\t\t\t<\/div>\n\t\t\t\t<\/div>\n\t\t\t\t<\/div>\n\t\t","protected":false},"excerpt":{"rendered":"<p>Presupuesto Panteones 2024 1.Informaci\u00f3n adicional a la iniciativa de Ley de Ingresos 2024 2. Informaci\u00f3n adicional del Proyecto del Presupuesto de Egresos 2024 3. Difusi\u00f3n a la ciudadan\u00eda de la Ley de Ingresos y del Presupuesto de Egresos 2024 4. Calendario de Ingresos Base Mensual 2024 5. Calendario de Egresos Base Mensual 2024 6. Tabulador&hellip;<\/p>\n","protected":false},"author":1,"featured_media":0,"parent":0,"menu_order":0,"comment_status":"closed","ping_status":"closed","template":"","meta":{"om_disable_all_campaigns":false,"_monsterinsights_skip_tracking":false,"_monsterinsights_sitenote_active":false,"_monsterinsights_sitenote_note":"","_monsterinsights_sitenote_category":0,"footnotes":""},"class_list":["post-12759","page","type-page","status-publish","hentry"],"aioseo_notices":[],"rttpg_featured_image_url":null,"rttpg_author":{"display_name":"H. AYUNTAMIENTO DE TACAMBARO","author_link":"https:\/\/tacambaro.gob.mx\/?author=1"},"rttpg_comment":0,"rttpg_category":null,"rttpg_excerpt":"Presupuesto Panteones 2024 1.Informaci\u00f3n adicional a la iniciativa de Ley de Ingresos 2024 2. Informaci\u00f3n adicional del Proyecto del Presupuesto de Egresos 2024 3. Difusi\u00f3n a la ciudadan\u00eda de la Ley de Ingresos y del Presupuesto de Egresos 2024 4. Calendario de Ingresos Base Mensual 2024 5. Calendario de Egresos Base Mensual 2024 6. Tabulador&hellip;","_links":{"self":[{"href":"https:\/\/tacambaro.gob.mx\/index.php?rest_route=\/wp\/v2\/pages\/12759","targetHints":{"allow":["GET"]}}],"collection":[{"href":"https:\/\/tacambaro.gob.mx\/index.php?rest_route=\/wp\/v2\/pages"}],"about":[{"href":"https:\/\/tacambaro.gob.mx\/index.php?rest_route=\/wp\/v2\/types\/page"}],"author":[{"embeddable":true,"href":"https:\/\/tacambaro.gob.mx\/index.php?rest_route=\/wp\/v2\/users\/1"}],"replies":[{"embeddable":true,"href":"https:\/\/tacambaro.gob.mx\/index.php?rest_route=%2Fwp%2Fv2%2Fcomments&post=12759"}],"version-history":[{"count":14,"href":"https:\/\/tacambaro.gob.mx\/index.php?rest_route=\/wp\/v2\/pages\/12759\/revisions"}],"predecessor-version":[{"id":17068,"href":"https:\/\/tacambaro.gob.mx\/index.php?rest_route=\/wp\/v2\/pages\/12759\/revisions\/17068"}],"wp:attachment":[{"href":"https:\/\/tacambaro.gob.mx\/index.php?rest_route=%2Fwp%2Fv2%2Fmedia&parent=12759"}],"curies":[{"name":"wp","href":"https:\/\/api.w.org\/{rel}","templated":true}]}}