{"id":16951,"date":"2025-03-04T18:04:32","date_gmt":"2025-03-04T18:04:32","guid":{"rendered":"https:\/\/tacambaro.gob.mx\/?page_id=16951"},"modified":"2025-03-25T22:49:42","modified_gmt":"2025-03-25T22:49:42","slug":"sindica-municipal","status":"publish","type":"page","link":"https:\/\/tacambaro.gob.mx\/?page_id=16951","title":{"rendered":"S\u00edndica Municipal"},"content":{"rendered":"\t\t<div data-elementor-type=\"wp-page\" data-elementor-id=\"16951\" class=\"elementor elementor-16951\">\n\t\t\t\t<div class=\"elementor-element elementor-element-44a6c69 e-flex e-con-boxed e-con e-parent\" data-id=\"44a6c69\" data-element_type=\"container\" data-e-type=\"container\" data-settings=\"{&quot;background_background&quot;:&quot;classic&quot;,&quot;shape_divider_bottom&quot;:&quot;mountains&quot;}\">\n\t\t\t\t\t<div class=\"e-con-inner\">\n\t\t\t\t<div class=\"elementor-shape elementor-shape-bottom\" aria-hidden=\"true\" data-negative=\"false\">\n\t\t\t<svg xmlns=\"http:\/\/www.w3.org\/2000\/svg\" viewBox=\"0 0 1000 100\" preserveAspectRatio=\"none\">\n\t<path class=\"elementor-shape-fill\" opacity=\"0.33\" d=\"M473,67.3c-203.9,88.3-263.1-34-320.3,0C66,119.1,0,59.7,0,59.7V0h1000v59.7 c0,0-62.1,26.1-94.9,29.3c-32.8,3.3-62.8-12.3-75.8-22.1C806,49.6,745.3,8.7,694.9,4.7S492.4,59,473,67.3z\"\/>\n\t<path class=\"elementor-shape-fill\" opacity=\"0.66\" d=\"M734,67.3c-45.5,0-77.2-23.2-129.1-39.1c-28.6-8.7-150.3-10.1-254,39.1 s-91.7-34.4-149.2,0C115.7,118.3,0,39.8,0,39.8V0h1000v36.5c0,0-28.2-18.5-92.1-18.5C810.2,18.1,775.7,67.3,734,67.3z\"\/>\n\t<path class=\"elementor-shape-fill\" d=\"M766.1,28.9c-200-57.5-266,65.5-395.1,19.5C242,1.8,242,5.4,184.8,20.6C128,35.8,132.3,44.9,89.9,52.5C28.6,63.7,0,0,0,0 h1000c0,0-9.9,40.9-83.6,48.1S829.6,47,766.1,28.9z\"\/>\n<\/svg>\t\t<\/div>\n\t\t<div class=\"elementor-element elementor-element-4188e8a e-con-full e-flex e-con e-child\" data-id=\"4188e8a\" data-element_type=\"container\" data-e-type=\"container\">\n\t\t\t\t<div class=\"elementor-element elementor-element-506fdfc elementor-widget elementor-widget-heading\" data-id=\"506fdfc\" data-element_type=\"widget\" data-e-type=\"widget\" data-widget_type=\"heading.default\">\n\t\t\t\t<div class=\"elementor-widget-container\">\n\t\t\t\t\t<h2 class=\"elementor-heading-title elementor-size-default\">S\u00edndica Municipal<\/h2>\t\t\t\t<\/div>\n\t\t\t\t<\/div>\n\t\t\t\t<\/div>\n\t\t\t\t\t<\/div>\n\t\t\t\t<\/div>\n\t\t<div class=\"elementor-element elementor-element-ee00fce e-flex e-con-boxed e-con e-parent\" data-id=\"ee00fce\" data-element_type=\"container\" data-e-type=\"container\">\n\t\t\t\t\t<div class=\"e-con-inner\">\n\t\t\t\t<div class=\"elementor-element elementor-element-c97fd0f elementor-widget elementor-widget-text-editor\" data-id=\"c97fd0f\" data-element_type=\"widget\" data-e-type=\"widget\" data-widget_type=\"text-editor.default\">\n\t\t\t\t<div class=\"elementor-widget-container\">\n\t\t\t\t\t\t\t\t\t<p>El S\u00edndico Municipal en el estado de Michoac\u00e1n es un funcionario que representa legalmente al Ayuntamiento, vigila los intereses municipales y fiscaliza la gesti\u00f3n de la hacienda municipal. <\/p>\t\t\t\t\t\t\t\t<\/div>\n\t\t\t\t<\/div>\n\t\t\t\t\t<\/div>\n\t\t\t\t<\/div>\n\t\t<div class=\"elementor-element elementor-element-bf3bd98 e-con-full e-flex e-con e-parent\" data-id=\"bf3bd98\" data-element_type=\"container\" data-e-type=\"container\">\n\t\t<div class=\"elementor-element elementor-element-db044a9 e-con-full e-flex e-con e-child\" data-id=\"db044a9\" data-element_type=\"container\" data-e-type=\"container\">\n\t\t<div class=\"elementor-element elementor-element-ae5517c e-con-full e-flex e-con e-child\" data-id=\"ae5517c\" data-element_type=\"container\" data-e-type=\"container\">\n\t\t\t\t<div class=\"elementor-element elementor-element-df18db1 elementor-widget elementor-widget-image\" data-id=\"df18db1\" data-element_type=\"widget\" data-e-type=\"widget\" data-widget_type=\"image.default\">\n\t\t\t\t<div class=\"elementor-widget-container\">\n\t\t\t\t\t\t\t\t\t\t\t\t\t\t\t<img fetchpriority=\"high\" decoding=\"async\" width=\"853\" height=\"1280\" src=\"https:\/\/tacambaro.gob.mx\/wp-content\/uploads\/2025\/03\/WhatsApp-Image-2025-03-25-at-12.42.02-PM.jpeg\" class=\"attachment-2048x2048 size-2048x2048 wp-image-17255\" alt=\"\" \/>\t\t\t\t\t\t\t\t\t\t\t\t\t\t\t<\/div>\n\t\t\t\t<\/div>\n\t\t\t\t<div class=\"elementor-element elementor-element-52d8c97 elementor-widget elementor-widget-text-editor\" data-id=\"52d8c97\" data-element_type=\"widget\" data-e-type=\"widget\" data-widget_type=\"text-editor.default\">\n\t\t\t\t<div class=\"elementor-widget-container\">\n\t\t\t\t\t\t\t\t\t<p>L.A. Mar\u00eda Yunu\u00e9n Serv\u00edn Vargas<br>\n<strong>S\u00edndica Municipal<\/strong><\/p>\n\t\t\t\t\t\t\t\t<\/div>\n\t\t\t\t<\/div>\n\t\t\t\t<\/div>\n\t\t\t\t<\/div>\n\t\t<div class=\"elementor-element elementor-element-134376e e-con-full e-flex e-con e-child\" data-id=\"134376e\" data-element_type=\"container\" data-e-type=\"container\">\n\t\t\t\t<div class=\"elementor-element elementor-element-29fb4e6 elementor-widget__width-initial elementor-widget elementor-widget-text-editor\" data-id=\"29fb4e6\" data-element_type=\"widget\" data-e-type=\"widget\" data-widget_type=\"text-editor.default\">\n\t\t\t\t<div class=\"elementor-widget-container\">\n\t\t\t\t\t\t\t\t\t<p>En el cap\u00edtulo XIII, art\u00edculo 67 de la Ley Org\u00e1nica Municipal para el Estado de Michoac\u00e1n de Ocampo, se desglosan las atribuciones de la S\u00edndica o S\u00edndico Municipal como se cita a continuaci\u00f3n.<br>Art\u00edculo 67. Son facultades y obligaciones la S\u00edndica o el S\u00edndico Municipal:<br><\/p>\n<ul>\n<li>\nI. Acudir con derecho de voz y voto a las sesiones del Ayuntamiento y vigilar el cumplimiento de sus acuerdos;<\/li>\n<li>\nII. Coordinar la Comisi\u00f3n de Hacienda, Financiamiento y Patrimonio Municipal del Ayuntamiento y vigilar la correcta recaudaci\u00f3n y aplicaci\u00f3n de los fondos p\u00fablicos;<\/li>\n<li>\nIII. Revisar y en su caso, suscribir los estados de origen y aplicaci\u00f3n de fondos y los estados financieros municipales;<\/li>\n\n\n\t\t\t\t\t\t\t\t<\/div>\n\t\t\t\t<\/div>\n\t\t\t\t<\/div>\n\t\t\t\t<\/div>\n\t\t<div class=\"elementor-element elementor-element-f0e6828 e-flex e-con-boxed e-con e-parent\" data-id=\"f0e6828\" data-element_type=\"container\" data-e-type=\"container\">\n\t\t\t\t\t<div class=\"e-con-inner\">\n\t\t\t\t<div class=\"elementor-element elementor-element-aa98e0a elementor-widget elementor-widget-text-editor\" data-id=\"aa98e0a\" data-element_type=\"widget\" data-e-type=\"widget\" data-widget_type=\"text-editor.default\">\n\t\t\t\t<div class=\"elementor-widget-container\">\n\t\t\t\t\t\t\t\t\t<ul>\n<li>\nIV. Desempe\u00f1ar las comisiones que le encomiende el Ayuntamiento y presentar un informe anual de actividades durante la segunda quincena del mes de julio de cada a\u00f1o, a excepci\u00f3n del \u00faltimo a\u00f1o de gesti\u00f3n, que ser\u00e1 la primera quincena del mes de julio;<\/li>\n<li><span style=\"letter-spacing: 0px; text-align: var(--text-align);\">V. Vigilar que el Ayuntamiento cumpla con las disposiciones que se\u00f1ala la Ley y con los planes y programas establecidos;<\/span><\/li><li><span style=\"text-align: var(--text-align); letter-spacing: 0px;\">VI. Proponer la formulaci\u00f3n, expedici\u00f3n, reforma, derogaci\u00f3n y abrogaci\u00f3n de los reglamentos municipales y dem\u00e1s disposiciones administrativas;<\/span><\/li><li><span style=\"text-align: var(--text-align); letter-spacing: 0px;\">VII. Participar en las ceremonias c\u00edvicas que realice el Ayuntamiento;<\/span><\/li><li><span style=\"text-align: var(--text-align); letter-spacing: 0px;\">VIII. Representar legalmente al municipio, en los litigios en que \u00e9ste sea parte y delegar dicha representaci\u00f3n, previo acuerdo del Ayuntamiento;<\/span><\/li>\n<li>IX. Fungir como Agente del Ministerio P\u00fablico en los casos y condiciones que determine la Ley de la materia;<\/li>\n<li>X. Emitir en el \u00e1mbito de su competencia las \u00f3rdenes de protecci\u00f3n de emergencia, preventivas, de naturaleza civil, penal o familiar, debidamente fundadas y motivadas, ejecut\u00e1ndolas con el auxilio de la fuerza p\u00fablica municipal;<\/li>\n<li>XI. Representar o designar representante del Ayuntamiento en el Subsistema Regional para prevenir, atender, sancionar y erradicar la violencia contra las mujeres por razones de g\u00e9nero que le corresponda;<\/li>\n<li>XII. Supervisar que el Ayuntamiento cuente con sus ordenamientos jur\u00eddicos publicados y actualizados;<\/li>\n<li>XIII. Nombrar al titular de la Direcci\u00f3n Jur\u00eddica, con la anuencia de la Presidenta o Presidente Municipal, \u00e1rea de la cual ser\u00e1 responsable la S\u00edndica o el S\u00edndico;<\/li>\n<li>XIV. Nombrar al titular del Centro de Mediaci\u00f3n, con la anuencia de la Presidenta o Presidente Municipal, \u00e1rea de la cual ser\u00e1 responsable la S\u00edndica o el S\u00edndico;<\/li>\n<li>XV. Vigilar que los funcionarios municipales presenten oportunamente la declaraci\u00f3n de su situaci\u00f3n patrimonial al tomar posesi\u00f3n de su cargo, anualmente y al terminar su ejercicio;<\/li>\n<li>XVI. Procurar que en los juicios en tr\u00e1mite de car\u00e1cter laboral se llegue a un arreglo conciliatorio, donde deber\u00e1n participar todas las partes involucradas, establecerse un valor fijo, as\u00ed como las formas en que se extinguir\u00e1 dicha obligaci\u00f3n, informando al Ayuntamiento del mismo;<\/li>\n<li>XVII. Comparecer por si o a trav\u00e9s de representante a las audiencias de conciliaci\u00f3n y a las audiencias de los juicios en tr\u00e1mite, bajo pena de responsabilidad en caso de inasistencia a las mismas; y,<\/li>\n<li>XVIII. Las dem\u00e1s que le se\u00f1ale la Constituci\u00f3n Pol\u00edtica de los Estados Unidos Mexicanos, la Constituci\u00f3n Pol\u00edtica del Estado, las leyes que de estas emanen, esta Ley, sus reglamentos y otras disposiciones del orden municipal.<\/li>\n<\/ul>\t\t\t\t\t\t\t\t<\/div>\n\t\t\t\t<\/div>\n\t\t\t\t\t<\/div>\n\t\t\t\t<\/div>\n\t\t\t\t<\/div>\n\t\t","protected":false},"excerpt":{"rendered":"<p>S\u00edndica Municipal El S\u00edndico Municipal en el estado de Michoac\u00e1n es un funcionario que representa legalmente al Ayuntamiento, vigila los intereses municipales y fiscaliza la gesti\u00f3n de la hacienda municipal. L.A. Mar\u00eda Yunu\u00e9n Serv\u00edn Vargas S\u00edndica Municipal En el cap\u00edtulo XIII, art\u00edculo 67 de la Ley Org\u00e1nica Municipal para el Estado de Michoac\u00e1n de Ocampo,&hellip;<\/p>\n","protected":false},"author":1,"featured_media":0,"parent":0,"menu_order":0,"comment_status":"closed","ping_status":"closed","template":"","meta":{"om_disable_all_campaigns":false,"_monsterinsights_skip_tracking":false,"_monsterinsights_sitenote_active":false,"_monsterinsights_sitenote_note":"","_monsterinsights_sitenote_category":0,"footnotes":""},"class_list":["post-16951","page","type-page","status-publish","hentry"],"aioseo_notices":[],"rttpg_featured_image_url":null,"rttpg_author":{"display_name":"H. AYUNTAMIENTO DE TACAMBARO","author_link":"https:\/\/tacambaro.gob.mx\/?author=1"},"rttpg_comment":0,"rttpg_category":null,"rttpg_excerpt":"S\u00edndica Municipal El S\u00edndico Municipal en el estado de Michoac\u00e1n es un funcionario que representa legalmente al Ayuntamiento, vigila los intereses municipales y fiscaliza la gesti\u00f3n de la hacienda municipal. L.A. Mar\u00eda Yunu\u00e9n Serv\u00edn Vargas S\u00edndica Municipal En el cap\u00edtulo XIII, art\u00edculo 67 de la Ley Org\u00e1nica Municipal para el Estado de Michoac\u00e1n de Ocampo,&hellip;","_links":{"self":[{"href":"https:\/\/tacambaro.gob.mx\/index.php?rest_route=\/wp\/v2\/pages\/16951","targetHints":{"allow":["GET"]}}],"collection":[{"href":"https:\/\/tacambaro.gob.mx\/index.php?rest_route=\/wp\/v2\/pages"}],"about":[{"href":"https:\/\/tacambaro.gob.mx\/index.php?rest_route=\/wp\/v2\/types\/page"}],"author":[{"embeddable":true,"href":"https:\/\/tacambaro.gob.mx\/index.php?rest_route=\/wp\/v2\/users\/1"}],"replies":[{"embeddable":true,"href":"https:\/\/tacambaro.gob.mx\/index.php?rest_route=%2Fwp%2Fv2%2Fcomments&post=16951"}],"version-history":[{"count":31,"href":"https:\/\/tacambaro.gob.mx\/index.php?rest_route=\/wp\/v2\/pages\/16951\/revisions"}],"predecessor-version":[{"id":17322,"href":"https:\/\/tacambaro.gob.mx\/index.php?rest_route=\/wp\/v2\/pages\/16951\/revisions\/17322"}],"wp:attachment":[{"href":"https:\/\/tacambaro.gob.mx\/index.php?rest_route=%2Fwp%2Fv2%2Fmedia&parent=16951"}],"curies":[{"name":"wp","href":"https:\/\/api.w.org\/{rel}","templated":true}]}}