{"id":17475,"date":"2025-03-28T16:23:35","date_gmt":"2025-03-28T16:23:35","guid":{"rendered":"https:\/\/tacambaro.gob.mx\/?page_id=17475"},"modified":"2025-10-24T21:42:47","modified_gmt":"2025-10-24T21:42:47","slug":"direccion-de-bienestar-y-politica-social","status":"publish","type":"page","link":"https:\/\/tacambaro.gob.mx\/?page_id=17475","title":{"rendered":"Direcci\u00f3n de Bienestar y Politica Social"},"content":{"rendered":"\t\t<div data-elementor-type=\"wp-page\" data-elementor-id=\"17475\" class=\"elementor elementor-17475\">\n\t\t\t\t<div class=\"elementor-element elementor-element-a0860b0 e-flex e-con-boxed e-con e-parent\" data-id=\"a0860b0\" data-element_type=\"container\" data-e-type=\"container\" data-settings=\"{&quot;background_background&quot;:&quot;classic&quot;,&quot;shape_divider_bottom&quot;:&quot;mountains&quot;}\">\n\t\t\t\t\t<div class=\"e-con-inner\">\n\t\t\t\t<div class=\"elementor-shape elementor-shape-bottom\" aria-hidden=\"true\" data-negative=\"false\">\n\t\t\t<svg xmlns=\"http:\/\/www.w3.org\/2000\/svg\" viewBox=\"0 0 1000 100\" preserveAspectRatio=\"none\">\n\t<path class=\"elementor-shape-fill\" opacity=\"0.33\" d=\"M473,67.3c-203.9,88.3-263.1-34-320.3,0C66,119.1,0,59.7,0,59.7V0h1000v59.7 c0,0-62.1,26.1-94.9,29.3c-32.8,3.3-62.8-12.3-75.8-22.1C806,49.6,745.3,8.7,694.9,4.7S492.4,59,473,67.3z\"\/>\n\t<path class=\"elementor-shape-fill\" opacity=\"0.66\" d=\"M734,67.3c-45.5,0-77.2-23.2-129.1-39.1c-28.6-8.7-150.3-10.1-254,39.1 s-91.7-34.4-149.2,0C115.7,118.3,0,39.8,0,39.8V0h1000v36.5c0,0-28.2-18.5-92.1-18.5C810.2,18.1,775.7,67.3,734,67.3z\"\/>\n\t<path class=\"elementor-shape-fill\" d=\"M766.1,28.9c-200-57.5-266,65.5-395.1,19.5C242,1.8,242,5.4,184.8,20.6C128,35.8,132.3,44.9,89.9,52.5C28.6,63.7,0,0,0,0 h1000c0,0-9.9,40.9-83.6,48.1S829.6,47,766.1,28.9z\"\/>\n<\/svg>\t\t<\/div>\n\t\t<div class=\"elementor-element elementor-element-1b1c641 e-con-full e-flex e-con e-child\" data-id=\"1b1c641\" data-element_type=\"container\" data-e-type=\"container\">\n\t\t\t\t<div class=\"elementor-element elementor-element-36408d1 elementor-widget elementor-widget-heading\" data-id=\"36408d1\" data-element_type=\"widget\" data-e-type=\"widget\" data-widget_type=\"heading.default\">\n\t\t\t\t<div class=\"elementor-widget-container\">\n\t\t\t\t\t<h2 class=\"elementor-heading-title elementor-size-default\">Direcci\u00f3n de Bienestar y Politica Social<\/h2>\t\t\t\t<\/div>\n\t\t\t\t<\/div>\n\t\t\t\t<\/div>\n\t\t\t\t\t<\/div>\n\t\t\t\t<\/div>\n\t\t<div class=\"elementor-element elementor-element-3110d57 e-flex e-con-boxed e-con e-parent\" data-id=\"3110d57\" data-element_type=\"container\" data-e-type=\"container\">\n\t\t\t\t\t<div class=\"e-con-inner\">\n\t\t\t\t<div class=\"elementor-element elementor-element-ed9c121 elementor-widget elementor-widget-image\" data-id=\"ed9c121\" data-element_type=\"widget\" data-e-type=\"widget\" data-widget_type=\"image.default\">\n\t\t\t\t<div class=\"elementor-widget-container\">\n\t\t\t\t\t\t\t\t\t\t\t\t\t\t\t<img fetchpriority=\"high\" decoding=\"async\" width=\"923\" height=\"616\" src=\"https:\/\/tacambaro.gob.mx\/wp-content\/uploads\/2025\/04\/WhatsApp-Image-2025-04-02-at-1.09.13-PM-1024x683.jpeg\" class=\"attachment-large size-large wp-image-17712\" alt=\"\" \/>\t\t\t\t\t\t\t\t\t\t\t\t\t\t\t<\/div>\n\t\t\t\t<\/div>\n\t\t\t\t<div class=\"elementor-element elementor-element-a1adb03 elementor-widget elementor-widget-text-editor\" data-id=\"a1adb03\" data-element_type=\"widget\" data-e-type=\"widget\" data-widget_type=\"text-editor.default\">\n\t\t\t\t<div class=\"elementor-widget-container\">\n\t\t\t\t\t\t\t\t\t<p>Mtra. Ana Victoria Dom\u00ednguez \u00c1valos <br>\n<strong>Directora de Bienestar y Pol\u00edtica Social<\/strong><\/p>\t\t\t\t\t\t\t\t<\/div>\n\t\t\t\t<\/div>\n\t\t\t\t<div class=\"elementor-element elementor-element-51b8435 elementor-widget elementor-widget-text-editor\" data-id=\"51b8435\" data-element_type=\"widget\" data-e-type=\"widget\" data-widget_type=\"text-editor.default\">\n\t\t\t\t<div class=\"elementor-widget-container\">\n\t\t\t\t\t\t\t\t\tMotor de inclusi\u00f3n y equidad, esta Direcci\u00f3n encabeza las acciones que mejoran la calidad de vida de las y los tacambarenses. Con base en el Reglamento Interno de Organizaci\u00f3n de la Administraci\u00f3n Municipal, su titular dise\u00f1a, coordina y eval\u00faa programas de apoyo alimentario, vivienda, salud preventiva y asistencia a grupos en situaci\u00f3n de vulnerabilidad. Promueve pol\u00edticas p\u00fablicas de combate a la pobreza, impulsa proyectos de desarrollo comunitario y gestiona recursos ante dependencias estatales y federales para ampliar beneficios sociales. Supervisa la correcta aplicaci\u00f3n de subsidios, becas y apoyos emergentes, garantizando transparencia y enfoque de derechos humanos. Asimismo, articula esfuerzos con la sociedad civil y las jefaturas de tenencia para que las acciones lleguen a cada rinc\u00f3n del municipio, fomentando la participaci\u00f3n ciudadana y el tejido solidario. Su alcance abarca la planeaci\u00f3n de estrategias integrales de bienestar, la evaluaci\u00f3n constante de resultados y la generaci\u00f3n de oportunidades que permitan a cada familia vivir con dignidad, seguridad y esperanza.\n\t\t\t\t\t\t\t\t<\/div>\n\t\t\t\t<\/div>\n\t\t\t\t\t<\/div>\n\t\t\t\t<\/div>\n\t\t<div class=\"elementor-element elementor-element-906781d e-flex e-con-boxed e-con e-parent\" data-id=\"906781d\" data-element_type=\"container\" data-e-type=\"container\">\n\t\t\t\t\t<div class=\"e-con-inner\">\n\t\t\t\t<div class=\"elementor-element elementor-element-232496f elementor-arrows-position-inside elementor-pagination-position-outside elementor-widget elementor-widget-image-carousel\" data-id=\"232496f\" data-element_type=\"widget\" data-e-type=\"widget\" data-settings=\"{&quot;slides_to_show&quot;:&quot;1&quot;,&quot;navigation&quot;:&quot;both&quot;,&quot;autoplay&quot;:&quot;yes&quot;,&quot;pause_on_hover&quot;:&quot;yes&quot;,&quot;pause_on_interaction&quot;:&quot;yes&quot;,&quot;autoplay_speed&quot;:5000,&quot;infinite&quot;:&quot;yes&quot;,&quot;effect&quot;:&quot;slide&quot;,&quot;speed&quot;:500}\" data-widget_type=\"image-carousel.default\">\n\t\t\t\t<div class=\"elementor-widget-container\">\n\t\t\t\t\t\t\t<div class=\"elementor-image-carousel-wrapper swiper\" role=\"region\" aria-roledescription=\"carousel\" aria-label=\"Carrusel de im\u00e1genes\" dir=\"ltr\">\n\t\t\t<div class=\"elementor-image-carousel swiper-wrapper\" aria-live=\"off\">\n\t\t\t\t\t\t\t\t<div class=\"swiper-slide\" role=\"group\" aria-roledescription=\"slide\" aria-label=\"1 de 26\"><figure class=\"swiper-slide-inner\"><img decoding=\"async\" class=\"swiper-slide-image\" src=\"https:\/\/tacambaro.gob.mx\/wp-content\/uploads\/2025\/10\/WhatsApp-Image-2025-10-24-at-9.50.26-AM-768x768.jpeg\" alt=\"WhatsApp Image 2025-10-24 at 9.50.26 AM\" \/><\/figure><\/div><div class=\"swiper-slide\" role=\"group\" aria-roledescription=\"slide\" aria-label=\"2 de 26\"><figure class=\"swiper-slide-inner\"><img decoding=\"async\" class=\"swiper-slide-image\" src=\"https:\/\/tacambaro.gob.mx\/wp-content\/uploads\/2025\/10\/WhatsApp-Image-2025-10-24-at-9.20.27-AM-768x768.jpeg\" alt=\"WhatsApp Image 2025-10-24 at 9.20.27 AM\" \/><\/figure><\/div><div class=\"swiper-slide\" role=\"group\" aria-roledescription=\"slide\" aria-label=\"3 de 26\"><figure class=\"swiper-slide-inner\"><img decoding=\"async\" class=\"swiper-slide-image\" src=\"https:\/\/tacambaro.gob.mx\/wp-content\/uploads\/2025\/10\/WhatsApp-Image-2025-10-24-at-9.50.26-AM-1-768x768.jpeg\" alt=\"WhatsApp Image 2025-10-24 at 9.50.26 AM (1)\" \/><\/figure><\/div><div class=\"swiper-slide\" role=\"group\" aria-roledescription=\"slide\" aria-label=\"4 de 26\"><figure class=\"swiper-slide-inner\"><img decoding=\"async\" class=\"swiper-slide-image\" src=\"https:\/\/tacambaro.gob.mx\/wp-content\/uploads\/2025\/10\/WhatsApp-Image-2025-10-24-at-9.50.25-AM-768x768.jpeg\" alt=\"WhatsApp Image 2025-10-24 at 9.50.25 AM\" \/><\/figure><\/div><div class=\"swiper-slide\" role=\"group\" aria-roledescription=\"slide\" aria-label=\"5 de 26\"><figure class=\"swiper-slide-inner\"><img decoding=\"async\" class=\"swiper-slide-image\" src=\"https:\/\/tacambaro.gob.mx\/wp-content\/uploads\/2025\/10\/WhatsApp-Image-2025-10-24-at-9.47.54-AM-768x768.jpeg\" alt=\"WhatsApp Image 2025-10-24 at 9.47.54 AM\" \/><\/figure><\/div><div class=\"swiper-slide\" role=\"group\" aria-roledescription=\"slide\" aria-label=\"6 de 26\"><figure class=\"swiper-slide-inner\"><img decoding=\"async\" class=\"swiper-slide-image\" src=\"https:\/\/tacambaro.gob.mx\/wp-content\/uploads\/2025\/10\/WhatsApp-Image-2025-10-24-at-9.47.53-AM-768x768.jpeg\" alt=\"WhatsApp Image 2025-10-24 at 9.47.53 AM\" \/><\/figure><\/div><div class=\"swiper-slide\" role=\"group\" aria-roledescription=\"slide\" aria-label=\"7 de 26\"><figure class=\"swiper-slide-inner\"><img decoding=\"async\" class=\"swiper-slide-image\" src=\"https:\/\/tacambaro.gob.mx\/wp-content\/uploads\/2025\/10\/WhatsApp-Image-2025-10-24-at-9.47.53-AM-2-768x768.jpeg\" alt=\"WhatsApp Image 2025-10-24 at 9.47.53 AM (2)\" \/><\/figure><\/div><div class=\"swiper-slide\" role=\"group\" aria-roledescription=\"slide\" aria-label=\"8 de 26\"><figure class=\"swiper-slide-inner\"><img decoding=\"async\" class=\"swiper-slide-image\" src=\"https:\/\/tacambaro.gob.mx\/wp-content\/uploads\/2025\/10\/WhatsApp-Image-2025-10-24-at-9.47.53-AM-1-768x768.jpeg\" alt=\"WhatsApp Image 2025-10-24 at 9.47.53 AM (1)\" \/><\/figure><\/div><div class=\"swiper-slide\" role=\"group\" aria-roledescription=\"slide\" aria-label=\"9 de 26\"><figure class=\"swiper-slide-inner\"><img decoding=\"async\" class=\"swiper-slide-image\" src=\"https:\/\/tacambaro.gob.mx\/wp-content\/uploads\/2025\/10\/WhatsApp-Image-2025-10-24-at-9.46.56-AM-768x768.jpeg\" alt=\"WhatsApp Image 2025-10-24 at 9.46.56 AM\" \/><\/figure><\/div><div class=\"swiper-slide\" role=\"group\" aria-roledescription=\"slide\" aria-label=\"10 de 26\"><figure class=\"swiper-slide-inner\"><img decoding=\"async\" class=\"swiper-slide-image\" src=\"https:\/\/tacambaro.gob.mx\/wp-content\/uploads\/2025\/10\/WhatsApp-Image-2025-10-24-at-9.45.04-AM-1-768x768.jpeg\" alt=\"WhatsApp Image 2025-10-24 at 9.45.04 AM (1)\" \/><\/figure><\/div><div class=\"swiper-slide\" role=\"group\" aria-roledescription=\"slide\" aria-label=\"11 de 26\"><figure class=\"swiper-slide-inner\"><img decoding=\"async\" class=\"swiper-slide-image\" src=\"https:\/\/tacambaro.gob.mx\/wp-content\/uploads\/2025\/10\/WhatsApp-Image-2025-10-24-at-9.45.05-AM-1-768x768.jpeg\" alt=\"WhatsApp Image 2025-10-24 at 9.45.05 AM (1)\" \/><\/figure><\/div><div class=\"swiper-slide\" role=\"group\" aria-roledescription=\"slide\" aria-label=\"12 de 26\"><figure class=\"swiper-slide-inner\"><img decoding=\"async\" class=\"swiper-slide-image\" src=\"https:\/\/tacambaro.gob.mx\/wp-content\/uploads\/2025\/10\/WhatsApp-Image-2025-10-24-at-9.45.05-AM-768x768.jpeg\" alt=\"WhatsApp Image 2025-10-24 at 9.45.05 AM\" \/><\/figure><\/div><div class=\"swiper-slide\" role=\"group\" aria-roledescription=\"slide\" aria-label=\"13 de 26\"><figure class=\"swiper-slide-inner\"><img decoding=\"async\" class=\"swiper-slide-image\" src=\"https:\/\/tacambaro.gob.mx\/wp-content\/uploads\/2025\/10\/WhatsApp-Image-2025-10-24-at-9.45.06-AM-768x768.jpeg\" alt=\"WhatsApp Image 2025-10-24 at 9.45.06 AM\" \/><\/figure><\/div><div class=\"swiper-slide\" role=\"group\" aria-roledescription=\"slide\" aria-label=\"14 de 26\"><figure class=\"swiper-slide-inner\"><img decoding=\"async\" class=\"swiper-slide-image\" src=\"https:\/\/tacambaro.gob.mx\/wp-content\/uploads\/2025\/10\/WhatsApp-Image-2025-10-24-at-9.45.04-AM-768x768.jpeg\" alt=\"WhatsApp Image 2025-10-24 at 9.45.04 AM\" \/><\/figure><\/div><div class=\"swiper-slide\" role=\"group\" aria-roledescription=\"slide\" aria-label=\"15 de 26\"><figure class=\"swiper-slide-inner\"><img decoding=\"async\" class=\"swiper-slide-image\" src=\"https:\/\/tacambaro.gob.mx\/wp-content\/uploads\/2025\/10\/WhatsApp-Image-2025-10-24-at-9.46.27-AM-768x644.jpeg\" alt=\"WhatsApp Image 2025-10-24 at 9.46.27 AM\" \/><\/figure><\/div><div class=\"swiper-slide\" role=\"group\" aria-roledescription=\"slide\" aria-label=\"16 de 26\"><figure class=\"swiper-slide-inner\"><img decoding=\"async\" class=\"swiper-slide-image\" src=\"https:\/\/tacambaro.gob.mx\/wp-content\/uploads\/2025\/10\/WhatsApp-Image-2025-10-24-at-9.46.26-AM-768x644.jpeg\" alt=\"WhatsApp Image 2025-10-24 at 9.46.26 AM\" \/><\/figure><\/div><div class=\"swiper-slide\" role=\"group\" aria-roledescription=\"slide\" aria-label=\"17 de 26\"><figure class=\"swiper-slide-inner\"><img decoding=\"async\" class=\"swiper-slide-image\" src=\"https:\/\/tacambaro.gob.mx\/wp-content\/uploads\/2025\/10\/WhatsApp-Image-2025-10-24-at-9.46.26-AM-5-768x644.jpeg\" alt=\"WhatsApp Image 2025-10-24 at 9.46.26 AM (5)\" \/><\/figure><\/div><div class=\"swiper-slide\" role=\"group\" aria-roledescription=\"slide\" aria-label=\"18 de 26\"><figure class=\"swiper-slide-inner\"><img decoding=\"async\" class=\"swiper-slide-image\" src=\"https:\/\/tacambaro.gob.mx\/wp-content\/uploads\/2025\/10\/WhatsApp-Image-2025-10-24-at-9.46.26-AM-4-768x644.jpeg\" alt=\"WhatsApp Image 2025-10-24 at 9.46.26 AM (4)\" \/><\/figure><\/div><div class=\"swiper-slide\" role=\"group\" aria-roledescription=\"slide\" aria-label=\"19 de 26\"><figure class=\"swiper-slide-inner\"><img decoding=\"async\" class=\"swiper-slide-image\" src=\"https:\/\/tacambaro.gob.mx\/wp-content\/uploads\/2025\/10\/WhatsApp-Image-2025-10-24-at-9.46.26-AM-3-768x644.jpeg\" alt=\"WhatsApp Image 2025-10-24 at 9.46.26 AM (3)\" \/><\/figure><\/div><div class=\"swiper-slide\" role=\"group\" aria-roledescription=\"slide\" aria-label=\"20 de 26\"><figure class=\"swiper-slide-inner\"><img decoding=\"async\" class=\"swiper-slide-image\" src=\"https:\/\/tacambaro.gob.mx\/wp-content\/uploads\/2025\/10\/WhatsApp-Image-2025-10-24-at-9.46.26-AM-2-768x644.jpeg\" alt=\"WhatsApp Image 2025-10-24 at 9.46.26 AM (2)\" \/><\/figure><\/div><div class=\"swiper-slide\" role=\"group\" aria-roledescription=\"slide\" aria-label=\"21 de 26\"><figure class=\"swiper-slide-inner\"><img decoding=\"async\" class=\"swiper-slide-image\" src=\"https:\/\/tacambaro.gob.mx\/wp-content\/uploads\/2025\/10\/WhatsApp-Image-2025-10-24-at-9.46.26-AM-1-768x644.jpeg\" alt=\"WhatsApp Image 2025-10-24 at 9.46.26 AM (1)\" \/><\/figure><\/div><div class=\"swiper-slide\" role=\"group\" aria-roledescription=\"slide\" aria-label=\"22 de 26\"><figure class=\"swiper-slide-inner\"><img decoding=\"async\" class=\"swiper-slide-image\" src=\"https:\/\/tacambaro.gob.mx\/wp-content\/uploads\/2025\/10\/WhatsApp-Image-2025-10-24-at-9.46.25-AM-768x644.jpeg\" alt=\"WhatsApp Image 2025-10-24 at 9.46.25 AM\" \/><\/figure><\/div><div class=\"swiper-slide\" role=\"group\" aria-roledescription=\"slide\" aria-label=\"23 de 26\"><figure class=\"swiper-slide-inner\"><img decoding=\"async\" class=\"swiper-slide-image\" src=\"https:\/\/tacambaro.gob.mx\/wp-content\/uploads\/2025\/10\/WhatsApp-Image-2025-10-24-at-9.46.25-AM-1-768x644.jpeg\" alt=\"WhatsApp Image 2025-10-24 at 9.46.25 AM (1)\" \/><\/figure><\/div><div class=\"swiper-slide\" role=\"group\" aria-roledescription=\"slide\" aria-label=\"24 de 26\"><figure class=\"swiper-slide-inner\"><img decoding=\"async\" class=\"swiper-slide-image\" src=\"https:\/\/tacambaro.gob.mx\/wp-content\/uploads\/2025\/10\/WhatsApp-Image-2025-10-24-at-9.46.25-AM-2-768x644.jpeg\" alt=\"WhatsApp Image 2025-10-24 at 9.46.25 AM (2)\" \/><\/figure><\/div><div class=\"swiper-slide\" role=\"group\" aria-roledescription=\"slide\" aria-label=\"25 de 26\"><figure class=\"swiper-slide-inner\"><img decoding=\"async\" class=\"swiper-slide-image\" src=\"https:\/\/tacambaro.gob.mx\/wp-content\/uploads\/2025\/10\/WhatsApp-Image-2025-10-24-at-9.46.27-AM-1-768x644.jpeg\" alt=\"WhatsApp Image 2025-10-24 at 9.46.27 AM (1)\" \/><\/figure><\/div><div class=\"swiper-slide\" role=\"group\" aria-roledescription=\"slide\" aria-label=\"26 de 26\"><figure class=\"swiper-slide-inner\"><img decoding=\"async\" class=\"swiper-slide-image\" src=\"https:\/\/tacambaro.gob.mx\/wp-content\/uploads\/2025\/10\/WhatsApp-Image-2025-10-24-at-9.46.27-AM-2-768x644.jpeg\" alt=\"WhatsApp Image 2025-10-24 at 9.46.27 AM (2)\" \/><\/figure><\/div>\t\t\t<\/div>\n\t\t\t\t\t\t\t\t\t\t\t\t<div class=\"elementor-swiper-button elementor-swiper-button-prev\" role=\"button\" tabindex=\"0\">\n\t\t\t\t\t\t<svg aria-hidden=\"true\" class=\"e-font-icon-svg e-eicon-chevron-left\" viewBox=\"0 0 1000 1000\" xmlns=\"http:\/\/www.w3.org\/2000\/svg\"><path d=\"M646 125C629 125 613 133 604 142L308 442C296 454 292 471 292 487 292 504 296 521 308 533L604 854C617 867 629 875 646 875 663 875 679 871 692 858 704 846 713 829 713 812 713 796 708 779 692 767L438 487 692 225C700 217 708 204 708 187 708 171 704 154 692 142 675 129 663 125 646 125Z\"><\/path><\/svg>\t\t\t\t\t<\/div>\n\t\t\t\t\t<div class=\"elementor-swiper-button elementor-swiper-button-next\" role=\"button\" tabindex=\"0\">\n\t\t\t\t\t\t<svg aria-hidden=\"true\" class=\"e-font-icon-svg e-eicon-chevron-right\" viewBox=\"0 0 1000 1000\" xmlns=\"http:\/\/www.w3.org\/2000\/svg\"><path d=\"M696 533C708 521 713 504 713 487 713 471 708 454 696 446L400 146C388 133 375 125 354 125 338 125 325 129 313 142 300 154 292 171 292 187 292 204 296 221 308 233L563 492 304 771C292 783 288 800 288 817 288 833 296 850 308 863 321 871 338 875 354 875 371 875 388 867 400 854L696 533Z\"><\/path><\/svg>\t\t\t\t\t<\/div>\n\t\t\t\t\n\t\t\t\t\t\t\t\t\t<div class=\"swiper-pagination\"><\/div>\n\t\t\t\t\t\t\t\t\t<\/div>\n\t\t\t\t\t\t<\/div>\n\t\t\t\t<\/div>\n\t\t\t\t\t<\/div>\n\t\t\t\t<\/div>\n\t\t\t\t<\/div>\n\t\t","protected":false},"excerpt":{"rendered":"<p>Direcci\u00f3n de Bienestar y Politica Social Mtra. Ana Victoria Dom\u00ednguez \u00c1valos Directora de Bienestar y Pol\u00edtica Social Motor de inclusi\u00f3n y equidad, esta Direcci\u00f3n encabeza las acciones que mejoran la calidad de vida de las y los tacambarenses. Con base en el Reglamento Interno de Organizaci\u00f3n de la Administraci\u00f3n Municipal, su titular dise\u00f1a, coordina y&hellip;<\/p>\n","protected":false},"author":1,"featured_media":0,"parent":0,"menu_order":0,"comment_status":"closed","ping_status":"closed","template":"","meta":{"om_disable_all_campaigns":false,"_monsterinsights_skip_tracking":false,"_monsterinsights_sitenote_active":false,"_monsterinsights_sitenote_note":"","_monsterinsights_sitenote_category":0,"footnotes":""},"class_list":["post-17475","page","type-page","status-publish","hentry"],"aioseo_notices":[],"rttpg_featured_image_url":null,"rttpg_author":{"display_name":"H. AYUNTAMIENTO DE TACAMBARO","author_link":"https:\/\/tacambaro.gob.mx\/?author=1"},"rttpg_comment":0,"rttpg_category":null,"rttpg_excerpt":"Direcci\u00f3n de Bienestar y Politica Social Mtra. Ana Victoria Dom\u00ednguez \u00c1valos Directora de Bienestar y Pol\u00edtica Social Motor de inclusi\u00f3n y equidad, esta Direcci\u00f3n encabeza las acciones que mejoran la calidad de vida de las y los tacambarenses. Con base en el Reglamento Interno de Organizaci\u00f3n de la Administraci\u00f3n Municipal, su titular dise\u00f1a, coordina y&hellip;","_links":{"self":[{"href":"https:\/\/tacambaro.gob.mx\/index.php?rest_route=\/wp\/v2\/pages\/17475","targetHints":{"allow":["GET"]}}],"collection":[{"href":"https:\/\/tacambaro.gob.mx\/index.php?rest_route=\/wp\/v2\/pages"}],"about":[{"href":"https:\/\/tacambaro.gob.mx\/index.php?rest_route=\/wp\/v2\/types\/page"}],"author":[{"embeddable":true,"href":"https:\/\/tacambaro.gob.mx\/index.php?rest_route=\/wp\/v2\/users\/1"}],"replies":[{"embeddable":true,"href":"https:\/\/tacambaro.gob.mx\/index.php?rest_route=%2Fwp%2Fv2%2Fcomments&post=17475"}],"version-history":[{"count":28,"href":"https:\/\/tacambaro.gob.mx\/index.php?rest_route=\/wp\/v2\/pages\/17475\/revisions"}],"predecessor-version":[{"id":20397,"href":"https:\/\/tacambaro.gob.mx\/index.php?rest_route=\/wp\/v2\/pages\/17475\/revisions\/20397"}],"wp:attachment":[{"href":"https:\/\/tacambaro.gob.mx\/index.php?rest_route=%2Fwp%2Fv2%2Fmedia&parent=17475"}],"curies":[{"name":"wp","href":"https:\/\/api.w.org\/{rel}","templated":true}]}}