{"id":17844,"date":"2025-04-08T16:20:56","date_gmt":"2025-04-08T16:20:56","guid":{"rendered":"https:\/\/tacambaro.gob.mx\/?page_id=17844"},"modified":"2025-05-20T14:44:09","modified_gmt":"2025-05-20T14:44:09","slug":"secretaria-tecnica-2","status":"publish","type":"page","link":"https:\/\/tacambaro.gob.mx\/?page_id=17844","title":{"rendered":"Secretar\u00eda T\u00e9cnica"},"content":{"rendered":"\t\t<div data-elementor-type=\"wp-page\" data-elementor-id=\"17844\" class=\"elementor elementor-17844\">\n\t\t\t\t<div class=\"elementor-element elementor-element-389f5ce e-flex e-con-boxed e-con e-parent\" data-id=\"389f5ce\" data-element_type=\"container\" data-e-type=\"container\" data-settings=\"{&quot;background_background&quot;:&quot;classic&quot;,&quot;shape_divider_bottom&quot;:&quot;mountains&quot;}\">\n\t\t\t\t\t<div class=\"e-con-inner\">\n\t\t\t\t<div class=\"elementor-shape elementor-shape-bottom\" aria-hidden=\"true\" data-negative=\"false\">\n\t\t\t<svg xmlns=\"http:\/\/www.w3.org\/2000\/svg\" viewBox=\"0 0 1000 100\" preserveAspectRatio=\"none\">\n\t<path class=\"elementor-shape-fill\" opacity=\"0.33\" d=\"M473,67.3c-203.9,88.3-263.1-34-320.3,0C66,119.1,0,59.7,0,59.7V0h1000v59.7 c0,0-62.1,26.1-94.9,29.3c-32.8,3.3-62.8-12.3-75.8-22.1C806,49.6,745.3,8.7,694.9,4.7S492.4,59,473,67.3z\"\/>\n\t<path class=\"elementor-shape-fill\" opacity=\"0.66\" d=\"M734,67.3c-45.5,0-77.2-23.2-129.1-39.1c-28.6-8.7-150.3-10.1-254,39.1 s-91.7-34.4-149.2,0C115.7,118.3,0,39.8,0,39.8V0h1000v36.5c0,0-28.2-18.5-92.1-18.5C810.2,18.1,775.7,67.3,734,67.3z\"\/>\n\t<path class=\"elementor-shape-fill\" d=\"M766.1,28.9c-200-57.5-266,65.5-395.1,19.5C242,1.8,242,5.4,184.8,20.6C128,35.8,132.3,44.9,89.9,52.5C28.6,63.7,0,0,0,0 h1000c0,0-9.9,40.9-83.6,48.1S829.6,47,766.1,28.9z\"\/>\n<\/svg>\t\t<\/div>\n\t\t\t\t<div class=\"elementor-element elementor-element-ece04fd elementor-widget elementor-widget-heading\" data-id=\"ece04fd\" data-element_type=\"widget\" data-e-type=\"widget\" data-widget_type=\"heading.default\">\n\t\t\t\t<div class=\"elementor-widget-container\">\n\t\t\t\t\t<h2 class=\"elementor-heading-title elementor-size-default\">Secretar\u00eda T\u00e9cnica<\/h2>\t\t\t\t<\/div>\n\t\t\t\t<\/div>\n\t\t\t\t\t<\/div>\n\t\t\t\t<\/div>\n\t\t<div class=\"elementor-element elementor-element-4bf1837 e-flex e-con-boxed e-con e-parent\" data-id=\"4bf1837\" data-element_type=\"container\" data-e-type=\"container\">\n\t\t\t\t\t<div class=\"e-con-inner\">\n\t\t\t\t<div class=\"elementor-element elementor-element-8398b95 elementor-widget elementor-widget-image\" data-id=\"8398b95\" data-element_type=\"widget\" data-e-type=\"widget\" data-widget_type=\"image.default\">\n\t\t\t\t<div class=\"elementor-widget-container\">\n\t\t\t\t\t\t\t\t\t\t\t\t\t\t\t<img fetchpriority=\"high\" decoding=\"async\" width=\"923\" height=\"615\" src=\"https:\/\/tacambaro.gob.mx\/wp-content\/uploads\/2025\/04\/WhatsApp-Image-2025-04-08-at-10.06.09-AM-1024x682.jpeg\" class=\"attachment-large size-large wp-image-17846\" alt=\"\" \/>\t\t\t\t\t\t\t\t\t\t\t\t\t\t\t<\/div>\n\t\t\t\t<\/div>\n\t\t\t\t\t<\/div>\n\t\t\t\t<\/div>\n\t\t<div class=\"elementor-element elementor-element-bd3b50d e-flex e-con-boxed e-con e-parent\" data-id=\"bd3b50d\" data-element_type=\"container\" data-e-type=\"container\">\n\t\t\t\t\t<div class=\"e-con-inner\">\n\t\t\t\t<div class=\"elementor-element elementor-element-670cb29 elementor-widget elementor-widget-text-editor\" data-id=\"670cb29\" data-element_type=\"widget\" data-e-type=\"widget\" data-widget_type=\"text-editor.default\">\n\t\t\t\t<div class=\"elementor-widget-container\">\n\t\t\t\t\t\t\t\t\t<p>Ing. Ignacio C\u00e1rdenas Cornejo <br>\n<strong>Secretario T\u00e9cnico<\/strong><\/p>\t\t\t\t\t\t\t\t<\/div>\n\t\t\t\t<\/div>\n\t\t\t\t\t<\/div>\n\t\t\t\t<\/div>\n\t\t<div class=\"elementor-element elementor-element-d6a44bd e-flex e-con-boxed e-con e-parent\" data-id=\"d6a44bd\" data-element_type=\"container\" data-e-type=\"container\">\n\t\t\t\t\t<div class=\"e-con-inner\">\n\t\t\t\t<div class=\"elementor-element elementor-element-ab1be18 elementor-widget elementor-widget-text-editor\" data-id=\"ab1be18\" data-element_type=\"widget\" data-e-type=\"widget\" data-widget_type=\"text-editor.default\">\n\t\t\t\t<div class=\"elementor-widget-container\">\n\t\t\t\t\t\t\t\t\t<p>Como responsable la Secretar\u00eda T\u00e9cnica, controlar\u00e1 el registro y canalizaci\u00f3n de la documentaci\u00f3n dirigida al Presidente Municipal y al Secretario Particular de la Presidencia Municipal, verificando su seguimiento y la respuesta correspondientes de las Unidades Administrativas competentes del Ayuntamiento, de acuerdo a lo citado en el art\u00edculo 45 del&nbsp;<span class=\"selectable-text copyable-text xkrh14z\" style=\"white-space-collapse: preserve;\">Reglamento Interno del Gobierno Municipal de Tac\u00e1mbaro<\/span>, as\u00ed como las siguientes <\/p>\t\t\t\t\t\t\t\t<\/div>\n\t\t\t\t<\/div>\n\t\t\t\t\t<\/div>\n\t\t\t\t<\/div>\n\t\t<div class=\"elementor-element elementor-element-812ffcc e-flex e-con-boxed e-con e-parent\" data-id=\"812ffcc\" data-element_type=\"container\" data-e-type=\"container\">\n\t\t\t\t\t<div class=\"e-con-inner\">\n\t\t\t\t<div class=\"elementor-element elementor-element-ba25ebc elementor-widget elementor-widget-text-editor\" data-id=\"ba25ebc\" data-element_type=\"widget\" data-e-type=\"widget\" data-widget_type=\"text-editor.default\">\n\t\t\t\t<div class=\"elementor-widget-container\">\n\t\t\t\t\t\t\t\t\t<p><b>ATRIBUCIONES<br><\/b><ul><li>\nI.\tVerificar que la documentaci\u00f3n enviada a la Presidencia Municipal y a la Secretar\u00eda Particular de la misma, sea canalizada a la unidad administrativa competente, para su atenci\u00f3n y respuesta correspondiente;<\/li><li>\nII.\tVerificar que las peticiones y gestiones canalizadas a las unidades administrativas de la Administraci\u00f3n Municipal, sean atendidos y contestados de manera escrita al peticionario;<\/li><li>\nIII.\tProponer alternativas de soluci\u00f3n a los problemas observados o turnados por el Presidente;<\/li><li>\nIV.\tRepresentar al Presidente cuando as\u00ed lo designe, en grupos de trabajo interdisciplinario, integrado para atender proyectos espec\u00edficos, en reuniones de trabajo interinstitucionales y en eventos de diversa \u00edndole;<\/li><li>\nV.\tConciliar diferencias que se generen entre Dependencias o Entidades, en relaci\u00f3n con sus competencias o al ejercicio de sus atribuciones;<\/li><li>\nVI.\tOrganizar reuniones peri\u00f3dicas de titulares de las Dependencias para la supervisi\u00f3n de programas y metas de proyectos estrat\u00e9gicos, o de inter\u00e9s especial del Presidente, levantando minuta de acuerdos y entregar copias de la misma a los titulares de las dependencias;<\/li><li>\nVII.\tEstar presente en toda reuni\u00f3n de evaluaci\u00f3n, y dar seguimiento oportuno de lo que en \u00e9stas se trate, e informar al Presidente de su cumplimiento;<\/li><li>\nVIII.\tProponer dictamen para acuerdo del Presidente de las pol\u00edticas administrativas que se requieran para procurar la eficiencia en el despacho de los asuntos de la Administraci\u00f3n P\u00fablica Municipal;<\/li><li>\nIX.\tAtender de manera personal los asuntos que determine el Presidente Municipal;<\/li><li>\nX.\tEstablecer mec\u00e1nicas de seguimiento y control de la documentaci\u00f3n que mejoren los procedimientos administrativos internos correspondientes;<\/li><li>\nXI.\tLas dem\u00e1s que instruya el Presidente Municipal, en el \u00e1mbito de su competencia;<\/li><li>\nXII.\tAsesorar y apoyar a las dependencias y entidades de la Administraci\u00f3n P\u00fablica Municipal, centralizada y paramunicipal, en la integraci\u00f3n de sus programas espec\u00edficos, con base en las pol\u00edticas, objetivos y lineamientos que emita el Presidente Municipal y el H. Cabildo;<\/li><li>\nXIII.\tFormular y proponer al Presidente Municipal, la celebraci\u00f3n de convenios de colaboraci\u00f3n con las dependencias y entidades de la Administraci\u00f3n P\u00fablica Estatal y otros municipios, que tengan por objeto el beneficio del municipio;<\/li><li>\nXIV.\tOrientar a las dependencias y entidades de la Administraci\u00f3n P\u00fablica Municipal, centralizada y paramunicipal, para que sus programas y acciones concurran al cumplimiento de los objetivos y metas contenidos en el Plan Municipal de Desarrollo;<\/li><li>\nXV.\tCoordinar las acciones que el Municipio convenga con el Ejecutivo del Estado y otros municipios;<\/li><li>\nXVI.\tBrindar apoyo log\u00edstico, t\u00e9cnico y de informaci\u00f3n a las unidades administrativas de la Secretar\u00eda, a fin de contribuir al desempe\u00f1o de las funciones de la misma; y,<\/li><li>\nXVII.\tLas dem\u00e1s que le atribuyan el Bando de Gobierno Municipal y otros reglamentos<\/li><\/ul><\/p>\t\t\t\t\t\t\t\t<\/div>\n\t\t\t\t<\/div>\n\t\t\t\t\t<\/div>\n\t\t\t\t<\/div>\n\t\t<div class=\"elementor-element elementor-element-a61c059 e-flex e-con-boxed e-con e-parent\" data-id=\"a61c059\" data-element_type=\"container\" data-e-type=\"container\">\n\t\t\t\t\t<div class=\"e-con-inner\">\n\t\t\t\t<div class=\"elementor-element elementor-element-40331ea elementor-widget elementor-widget-text-editor\" data-id=\"40331ea\" data-element_type=\"widget\" data-e-type=\"widget\" data-widget_type=\"text-editor.default\">\n\t\t\t\t<div class=\"elementor-widget-container\">\n\t\t\t\t\t\t\t\t\t<p>Art\u00edculo 46. Para el despacho de los asuntos a su cargo la Secretaria T\u00e9cnica, se auxiliar\u00e1 con los siguientes departamentos, quien estar\u00e1n directamente subordinados a \u00e9l o la Secretaria Municipal.<\/p>\t\t\t\t\t\t\t\t<\/div>\n\t\t\t\t<\/div>\n\t\t\t\t\t<\/div>\n\t\t\t\t<\/div>\n\t\t\t\t<\/div>\n\t\t","protected":false},"excerpt":{"rendered":"<p>Secretar\u00eda T\u00e9cnica Ing. Ignacio C\u00e1rdenas Cornejo Secretario T\u00e9cnico Como responsable la Secretar\u00eda T\u00e9cnica, controlar\u00e1 el registro y canalizaci\u00f3n de la documentaci\u00f3n dirigida al Presidente Municipal y al Secretario Particular de la Presidencia Municipal, verificando su seguimiento y la respuesta correspondientes de las Unidades Administrativas competentes del Ayuntamiento, de acuerdo a lo citado en el art\u00edculo&hellip;<\/p>\n","protected":false},"author":1,"featured_media":0,"parent":0,"menu_order":0,"comment_status":"closed","ping_status":"closed","template":"","meta":{"om_disable_all_campaigns":false,"_monsterinsights_skip_tracking":false,"_monsterinsights_sitenote_active":false,"_monsterinsights_sitenote_note":"","_monsterinsights_sitenote_category":0,"footnotes":""},"class_list":["post-17844","page","type-page","status-publish","hentry"],"aioseo_notices":[],"rttpg_featured_image_url":null,"rttpg_author":{"display_name":"H. AYUNTAMIENTO DE TACAMBARO","author_link":"https:\/\/tacambaro.gob.mx\/?author=1"},"rttpg_comment":0,"rttpg_category":null,"rttpg_excerpt":"Secretar\u00eda T\u00e9cnica Ing. Ignacio C\u00e1rdenas Cornejo Secretario T\u00e9cnico Como responsable la Secretar\u00eda T\u00e9cnica, controlar\u00e1 el registro y canalizaci\u00f3n de la documentaci\u00f3n dirigida al Presidente Municipal y al Secretario Particular de la Presidencia Municipal, verificando su seguimiento y la respuesta correspondientes de las Unidades Administrativas competentes del Ayuntamiento, de acuerdo a lo citado en el art\u00edculo&hellip;","_links":{"self":[{"href":"https:\/\/tacambaro.gob.mx\/index.php?rest_route=\/wp\/v2\/pages\/17844","targetHints":{"allow":["GET"]}}],"collection":[{"href":"https:\/\/tacambaro.gob.mx\/index.php?rest_route=\/wp\/v2\/pages"}],"about":[{"href":"https:\/\/tacambaro.gob.mx\/index.php?rest_route=\/wp\/v2\/types\/page"}],"author":[{"embeddable":true,"href":"https:\/\/tacambaro.gob.mx\/index.php?rest_route=\/wp\/v2\/users\/1"}],"replies":[{"embeddable":true,"href":"https:\/\/tacambaro.gob.mx\/index.php?rest_route=%2Fwp%2Fv2%2Fcomments&post=17844"}],"version-history":[{"count":13,"href":"https:\/\/tacambaro.gob.mx\/index.php?rest_route=\/wp\/v2\/pages\/17844\/revisions"}],"predecessor-version":[{"id":18843,"href":"https:\/\/tacambaro.gob.mx\/index.php?rest_route=\/wp\/v2\/pages\/17844\/revisions\/18843"}],"wp:attachment":[{"href":"https:\/\/tacambaro.gob.mx\/index.php?rest_route=%2Fwp%2Fv2%2Fmedia&parent=17844"}],"curies":[{"name":"wp","href":"https:\/\/api.w.org\/{rel}","templated":true}]}}