{"id":17894,"date":"2025-04-09T17:19:30","date_gmt":"2025-04-09T17:19:30","guid":{"rendered":"https:\/\/tacambaro.gob.mx\/?page_id=17894"},"modified":"2025-09-19T20:21:55","modified_gmt":"2025-09-19T20:21:55","slug":"unidad-de-mejora-regulatoria-transparencia-y-proteccion-de-datos-personales","status":"publish","type":"page","link":"https:\/\/tacambaro.gob.mx\/?page_id=17894","title":{"rendered":"UNIDAD DE MEJORA REGULATORIA, TRANSPARENCIA Y PROTECCI\u00d3N DE DATOS PERSONALES"},"content":{"rendered":"\t\t<div data-elementor-type=\"wp-page\" data-elementor-id=\"17894\" class=\"elementor elementor-17894\">\n\t\t\t\t<div class=\"elementor-element elementor-element-b1d50b8 e-flex e-con-boxed e-con e-parent\" data-id=\"b1d50b8\" data-element_type=\"container\" data-e-type=\"container\" data-settings=\"{&quot;background_background&quot;:&quot;classic&quot;,&quot;shape_divider_bottom&quot;:&quot;mountains&quot;}\">\n\t\t\t\t\t<div class=\"e-con-inner\">\n\t\t\t\t<div class=\"elementor-shape elementor-shape-bottom\" aria-hidden=\"true\" data-negative=\"false\">\n\t\t\t<svg xmlns=\"http:\/\/www.w3.org\/2000\/svg\" viewBox=\"0 0 1000 100\" preserveAspectRatio=\"none\">\n\t<path class=\"elementor-shape-fill\" opacity=\"0.33\" d=\"M473,67.3c-203.9,88.3-263.1-34-320.3,0C66,119.1,0,59.7,0,59.7V0h1000v59.7 c0,0-62.1,26.1-94.9,29.3c-32.8,3.3-62.8-12.3-75.8-22.1C806,49.6,745.3,8.7,694.9,4.7S492.4,59,473,67.3z\"\/>\n\t<path class=\"elementor-shape-fill\" opacity=\"0.66\" d=\"M734,67.3c-45.5,0-77.2-23.2-129.1-39.1c-28.6-8.7-150.3-10.1-254,39.1 s-91.7-34.4-149.2,0C115.7,118.3,0,39.8,0,39.8V0h1000v36.5c0,0-28.2-18.5-92.1-18.5C810.2,18.1,775.7,67.3,734,67.3z\"\/>\n\t<path class=\"elementor-shape-fill\" d=\"M766.1,28.9c-200-57.5-266,65.5-395.1,19.5C242,1.8,242,5.4,184.8,20.6C128,35.8,132.3,44.9,89.9,52.5C28.6,63.7,0,0,0,0 h1000c0,0-9.9,40.9-83.6,48.1S829.6,47,766.1,28.9z\"\/>\n<\/svg>\t\t<\/div>\n\t\t\t\t<div class=\"elementor-element elementor-element-2873ded elementor-widget elementor-widget-heading\" data-id=\"2873ded\" data-element_type=\"widget\" data-e-type=\"widget\" data-widget_type=\"heading.default\">\n\t\t\t\t<div class=\"elementor-widget-container\">\n\t\t\t\t\t<h2 class=\"elementor-heading-title elementor-size-default\">Unidad de Mejora Regulatoria, Transparencia y Protecci\u00f3n de Datos Personales<\/h2>\t\t\t\t<\/div>\n\t\t\t\t<\/div>\n\t\t\t\t\t<\/div>\n\t\t\t\t<\/div>\n\t\t<div class=\"elementor-element elementor-element-072cb26 e-flex e-con-boxed e-con e-parent\" data-id=\"072cb26\" data-element_type=\"container\" data-e-type=\"container\">\n\t\t\t\t\t<div class=\"e-con-inner\">\n\t\t\t\t<div class=\"elementor-element elementor-element-a74a458 elementor-widget elementor-widget-image\" data-id=\"a74a458\" data-element_type=\"widget\" data-e-type=\"widget\" data-widget_type=\"image.default\">\n\t\t\t\t<div class=\"elementor-widget-container\">\n\t\t\t\t\t\t\t\t\t\t\t\t\t\t\t<img fetchpriority=\"high\" decoding=\"async\" width=\"848\" height=\"1024\" src=\"https:\/\/tacambaro.gob.mx\/wp-content\/uploads\/2025\/09\/foto-lic-salvador-848x1024.png\" class=\"attachment-large size-large wp-image-19953\" alt=\"\" \/>\t\t\t\t\t\t\t\t\t\t\t\t\t\t\t<\/div>\n\t\t\t\t<\/div>\n\t\t\t\t<div class=\"elementor-element elementor-element-6c1ebab elementor-widget elementor-widget-text-editor\" data-id=\"6c1ebab\" data-element_type=\"widget\" data-e-type=\"widget\" data-widget_type=\"text-editor.default\">\n\t\t\t\t<div class=\"elementor-widget-container\">\n\t\t\t\t\t\t\t\t\t<p><b>Lic. Salvador Garc\u00eda D\u00edaz&nbsp;<\/b><br>Encargado de la Unidad de Mejora Regulatoria, Transparencia y Protecci\u00f3n de Datos Personales<\/p>\t\t\t\t\t\t\t\t<\/div>\n\t\t\t\t<\/div>\n\t\t\t\t<div class=\"elementor-element elementor-element-2d35175 elementor-widget elementor-widget-spacer\" data-id=\"2d35175\" data-element_type=\"widget\" data-e-type=\"widget\" data-widget_type=\"spacer.default\">\n\t\t\t\t<div class=\"elementor-widget-container\">\n\t\t\t\t\t\t\t<div class=\"elementor-spacer\">\n\t\t\t<div class=\"elementor-spacer-inner\"><\/div>\n\t\t<\/div>\n\t\t\t\t\t\t<\/div>\n\t\t\t\t<\/div>\n\t\t\t\t\t<\/div>\n\t\t\t\t<\/div>\n\t\t<div class=\"elementor-element elementor-element-de7c766 e-flex e-con-boxed e-con e-parent\" data-id=\"de7c766\" data-element_type=\"container\" data-e-type=\"container\">\n\t\t\t\t\t<div class=\"e-con-inner\">\n\t\t\t\t<div class=\"elementor-element elementor-element-037a1f5 elementor-widget elementor-widget-text-editor\" data-id=\"037a1f5\" data-element_type=\"widget\" data-e-type=\"widget\" data-widget_type=\"text-editor.default\">\n\t\t\t\t<div class=\"elementor-widget-container\">\n\t\t\t\t\t\t\t\t\t<p>La funci\u00f3n principal de la Unidad de Transparencia es la gesti\u00f3n de solicitudes de acceso a la informaci\u00f3n.  A trav\u00e9s de la Unidad se garantiza tu derecho humano para acceder a la informaci\u00f3n p\u00fablica, generada o en posesi\u00f3n de la dependencia gubernamental. <\/p>\n<p>Con el ejercicio del derecho de acceso a la informaci\u00f3n, se genera una efectiva rendici\u00f3n de cuentas respecto de las actividades que, en el ejercicio de sus funciones, realiza esta dependencia. Toda persona, sin necesidad de acreditar inter\u00e9s alguno o justificar su utilizaci\u00f3n, tendr\u00e1 acceso gratuito a la informaci\u00f3n p\u00fablica. <\/p>\n<p>Con base en lo anterior, y, en aras de dar cabal cumplimiento a lo estipulado en la Ley de Transparencia, Acceso a la Informaci\u00f3n P\u00fablica y Protecci\u00f3n de Datos Personales del Estado de Michoac\u00e1n de Ocampo, la Unidad de Mejora Regular\u00eda, Transparencia y Protecci\u00f3n de Datos Personales del municipio de Tac\u00e1mbaro, se regir\u00e1 bajo las siguientes directrices y con estricto apego a lo se\u00f1alado en el art\u00edculo 20 del Reglamento Interno del Gobierno Municipal de Tac\u00e1mbaro donde indican las siguientes<\/p>\t\t\t\t\t\t\t\t<\/div>\n\t\t\t\t<\/div>\n\t\t\t\t\t<\/div>\n\t\t\t\t<\/div>\n\t\t<div class=\"elementor-element elementor-element-fe36125 e-flex e-con-boxed e-con e-parent\" data-id=\"fe36125\" data-element_type=\"container\" data-e-type=\"container\">\n\t\t\t\t\t<div class=\"e-con-inner\">\n\t\t\t\t<div class=\"elementor-element elementor-element-a1e39a1 elementor-widget elementor-widget-text-editor\" data-id=\"a1e39a1\" data-element_type=\"widget\" data-e-type=\"widget\" data-widget_type=\"text-editor.default\">\n\t\t\t\t<div class=\"elementor-widget-container\">\n\t\t\t\t\t\t\t\t\t<p><b>ATRIBUCIONES<\/b><br><ul><li>\nI.\tRecabar y difundir la informaci\u00f3n que por obligatoriedad deba de hacerse p\u00fabica, y propiciar que las unidades que integran el Ayuntamiento del municipio la actualicen peri\u00f3dicamente, conforme a la normatividad aplicable;<\/li><li>\nII.\tRecibir y dar tr\u00e1mite a las solicitudes de acceso a la informaci\u00f3n;<\/li><li>\nIII.\tAuxiliar a los particulares en la elaboraci\u00f3n de solicitudes de acceso a la informaci\u00f3n y, en su caso, asesorarlos sobre los sujetos obligados competentes conforme a la normatividad aplicable;<\/li><li>\nIV.\tRealizar los tr\u00e1mites internos necesarios para la atenci\u00f3n de las solicitudes de acceso a la informaci\u00f3n;<\/li><li>\nV.\tEfectuar las notificaciones a los solicitantes;<\/li><li>\nVI.\tProponer los procedimientos internos que aseguren la mayor eficiencia en la gesti\u00f3n de las solicitudes de acceso a la informaci\u00f3n, conforme a la normatividad aplicable;<\/li><li>\nVII.\tLlevar un registro de las solicitudes de acceso a la informaci\u00f3n, respuestas, resultados, costos de reproducci\u00f3n y envi\u00f3;<\/li><li>\nVIII.\tPromover e implementar pol\u00edticas de transparencia proactiva procurando su accesibilidad;<\/li><li>\nIX.\tApoyar y asesorar a los enlaces de transparencia seg\u00fan corresponda y conforme al \u00e1mbito de sus respectivas competencias;<\/li><li>\nX.\tInstrumentar programas de capacitaci\u00f3n permanentes para los titulares de las dependencias y entidades de la Administraci\u00f3n, Jefes de Departamento y Enlaces de Transparencia, en materia de transparencia y acceso a la informaci\u00f3n, de protecci\u00f3n de datos personales, de gobierno abierto, de gesti\u00f3n documental y archivos, as\u00ed como en materia de derechos humanos, as\u00ed como metodolog\u00edas, tecnolog\u00edas y mejores pr\u00e1cticas en las materias, buscando coadyuvar con la consolidaci\u00f3n de una cultura municipal integral;<\/li><li>\nXI.\tFomentar la celebraci\u00f3n de convenios de colaboraci\u00f3n, con la Federaci\u00f3n, con el Estado, as\u00ed como los sectores social y privado con la finalidad de mantener actualizados y capacitados a los servidores p\u00fablicos y\/o la ciudadan\u00eda en materia de Transparencia, Acceso a la Informaci\u00f3n y Gobierno Abierto;<\/li><li>\nXII.\tPromover el uso de las tecnolog\u00edas, para la simplificaci\u00f3n administrativa, agilizaci\u00f3n de tr\u00e1mites y servicios municipales, as\u00ed como el acceso a la informaci\u00f3n p\u00fablica como derecho ciudadano;<\/li><li>\nXIII.\tResolver los casos no previstos en materia de transparencia, debiendo hacerlo conforme a la normativa aplicable;<\/li><li>\nXIV.\tFomentar la transparencia y accesibilidad al interior del sujeto obligado;<\/li><li>\nXV.\tHacer del conocimiento de la instancia competente la probable responsabilidad por el incumplimiento de las obligaciones previstas en la presente normativa y en las dem\u00e1s disposiciones aplicables;<\/li><li>\nXVI.\tPromover la creaci\u00f3n de espacios y acciones que fomenten la transparencia y participaci\u00f3n ciudadana; y,<\/li><li>\nXVII.\tLas dem\u00e1s que le encomiende el Presidente Municipal y las disposiciones normativas vigentes.<\/li><\/ul><\/p>\t\t\t\t\t\t\t\t<\/div>\n\t\t\t\t<\/div>\n\t\t\t\t\t<\/div>\n\t\t\t\t<\/div>\n\t\t\t\t<\/div>\n\t\t","protected":false},"excerpt":{"rendered":"<p>Unidad de Mejora Regulatoria, Transparencia y Protecci\u00f3n de Datos Personales Lic. Salvador Garc\u00eda D\u00edaz&nbsp;Encargado de la Unidad de Mejora Regulatoria, Transparencia y Protecci\u00f3n de Datos Personales La funci\u00f3n principal de la Unidad de Transparencia es la gesti\u00f3n de solicitudes de acceso a la informaci\u00f3n. A trav\u00e9s de la Unidad se garantiza tu derecho humano para&hellip;<\/p>\n","protected":false},"author":1,"featured_media":0,"parent":0,"menu_order":0,"comment_status":"closed","ping_status":"closed","template":"","meta":{"om_disable_all_campaigns":false,"_monsterinsights_skip_tracking":false,"_monsterinsights_sitenote_active":false,"_monsterinsights_sitenote_note":"","_monsterinsights_sitenote_category":0,"footnotes":""},"class_list":["post-17894","page","type-page","status-publish","hentry"],"aioseo_notices":[],"rttpg_featured_image_url":null,"rttpg_author":{"display_name":"H. AYUNTAMIENTO DE TACAMBARO","author_link":"https:\/\/tacambaro.gob.mx\/?author=1"},"rttpg_comment":0,"rttpg_category":null,"rttpg_excerpt":"Unidad de Mejora Regulatoria, Transparencia y Protecci\u00f3n de Datos Personales Lic. Salvador Garc\u00eda D\u00edaz&nbsp;Encargado de la Unidad de Mejora Regulatoria, Transparencia y Protecci\u00f3n de Datos Personales La funci\u00f3n principal de la Unidad de Transparencia es la gesti\u00f3n de solicitudes de acceso a la informaci\u00f3n. A trav\u00e9s de la Unidad se garantiza tu derecho humano para&hellip;","_links":{"self":[{"href":"https:\/\/tacambaro.gob.mx\/index.php?rest_route=\/wp\/v2\/pages\/17894","targetHints":{"allow":["GET"]}}],"collection":[{"href":"https:\/\/tacambaro.gob.mx\/index.php?rest_route=\/wp\/v2\/pages"}],"about":[{"href":"https:\/\/tacambaro.gob.mx\/index.php?rest_route=\/wp\/v2\/types\/page"}],"author":[{"embeddable":true,"href":"https:\/\/tacambaro.gob.mx\/index.php?rest_route=\/wp\/v2\/users\/1"}],"replies":[{"embeddable":true,"href":"https:\/\/tacambaro.gob.mx\/index.php?rest_route=%2Fwp%2Fv2%2Fcomments&post=17894"}],"version-history":[{"count":22,"href":"https:\/\/tacambaro.gob.mx\/index.php?rest_route=\/wp\/v2\/pages\/17894\/revisions"}],"predecessor-version":[{"id":19956,"href":"https:\/\/tacambaro.gob.mx\/index.php?rest_route=\/wp\/v2\/pages\/17894\/revisions\/19956"}],"wp:attachment":[{"href":"https:\/\/tacambaro.gob.mx\/index.php?rest_route=%2Fwp%2Fv2%2Fmedia&parent=17894"}],"curies":[{"name":"wp","href":"https:\/\/api.w.org\/{rel}","templated":true}]}}