{"id":17944,"date":"2025-04-10T16:22:56","date_gmt":"2025-04-10T16:22:56","guid":{"rendered":"https:\/\/tacambaro.gob.mx\/?page_id=17944"},"modified":"2025-12-17T16:34:13","modified_gmt":"2025-12-17T16:34:13","slug":"comite-municipal-de-agua-potable-yalcantarillado-comapa","status":"publish","type":"page","link":"https:\/\/tacambaro.gob.mx\/?page_id=17944","title":{"rendered":"COMIT\u00c9 MUNICIPAL DE AGUA POTABLE YALCANTARILLADO (COMAPA)"},"content":{"rendered":"\t\t<div data-elementor-type=\"wp-page\" data-elementor-id=\"17944\" class=\"elementor elementor-17944\">\n\t\t\t\t<div class=\"elementor-element elementor-element-aebca4c e-flex e-con-boxed e-con e-parent\" data-id=\"aebca4c\" data-element_type=\"container\" data-e-type=\"container\" data-settings=\"{&quot;background_background&quot;:&quot;classic&quot;,&quot;shape_divider_bottom&quot;:&quot;mountains&quot;}\">\n\t\t\t\t\t<div class=\"e-con-inner\">\n\t\t\t\t<div class=\"elementor-shape elementor-shape-bottom\" aria-hidden=\"true\" data-negative=\"false\">\n\t\t\t<svg xmlns=\"http:\/\/www.w3.org\/2000\/svg\" viewBox=\"0 0 1000 100\" preserveAspectRatio=\"none\">\n\t<path class=\"elementor-shape-fill\" opacity=\"0.33\" d=\"M473,67.3c-203.9,88.3-263.1-34-320.3,0C66,119.1,0,59.7,0,59.7V0h1000v59.7 c0,0-62.1,26.1-94.9,29.3c-32.8,3.3-62.8-12.3-75.8-22.1C806,49.6,745.3,8.7,694.9,4.7S492.4,59,473,67.3z\"\/>\n\t<path class=\"elementor-shape-fill\" opacity=\"0.66\" d=\"M734,67.3c-45.5,0-77.2-23.2-129.1-39.1c-28.6-8.7-150.3-10.1-254,39.1 s-91.7-34.4-149.2,0C115.7,118.3,0,39.8,0,39.8V0h1000v36.5c0,0-28.2-18.5-92.1-18.5C810.2,18.1,775.7,67.3,734,67.3z\"\/>\n\t<path class=\"elementor-shape-fill\" d=\"M766.1,28.9c-200-57.5-266,65.5-395.1,19.5C242,1.8,242,5.4,184.8,20.6C128,35.8,132.3,44.9,89.9,52.5C28.6,63.7,0,0,0,0 h1000c0,0-9.9,40.9-83.6,48.1S829.6,47,766.1,28.9z\"\/>\n<\/svg>\t\t<\/div>\n\t\t\t\t<div class=\"elementor-element elementor-element-dc8ef73 elementor-widget elementor-widget-heading\" data-id=\"dc8ef73\" data-element_type=\"widget\" data-e-type=\"widget\" data-widget_type=\"heading.default\">\n\t\t\t\t<div class=\"elementor-widget-container\">\n\t\t\t\t\t<h2 class=\"elementor-heading-title elementor-size-default\">Comit\u00e9 Municipal de Agua Potable y Alcantarillado (COMAPA)<\/h2>\t\t\t\t<\/div>\n\t\t\t\t<\/div>\n\t\t\t\t\t<\/div>\n\t\t\t\t<\/div>\n\t\t<div class=\"elementor-element elementor-element-b840c9e e-con-full e-flex e-con e-parent\" data-id=\"b840c9e\" data-element_type=\"container\" data-e-type=\"container\">\n\t\t\t\t<div class=\"elementor-element elementor-element-5d0df31 elementor-widget elementor-widget-image\" data-id=\"5d0df31\" data-element_type=\"widget\" data-e-type=\"widget\" data-widget_type=\"image.default\">\n\t\t\t\t<div class=\"elementor-widget-container\">\n\t\t\t\t\t\t\t\t\t\t\t\t\t\t\t<img fetchpriority=\"high\" decoding=\"async\" width=\"923\" height=\"883\" src=\"https:\/\/tacambaro.gob.mx\/wp-content\/uploads\/2025\/12\/WhatsApp-Image-2025-12-15-at-3.17.37-PM-1-1024x980.jpeg\" class=\"attachment-large size-large wp-image-21432\" alt=\"\" \/>\t\t\t\t\t\t\t\t\t\t\t\t\t\t\t<\/div>\n\t\t\t\t<\/div>\n\t\t\t\t<div class=\"elementor-element elementor-element-d7cfbc7 elementor-widget elementor-widget-text-editor\" data-id=\"d7cfbc7\" data-element_type=\"widget\" data-e-type=\"widget\" data-widget_type=\"text-editor.default\">\n\t\t\t\t<div class=\"elementor-widget-container\">\n\t\t\t\t\t\t\t\t\t<p>Ing. Orlando Hern\u00e1ndez Fabela<\/p><p><strong>Director de COMAPA<\/strong><\/p>\t\t\t\t\t\t\t\t<\/div>\n\t\t\t\t<\/div>\n\t\t\t\t<\/div>\n\t\t<div class=\"elementor-element elementor-element-95c8d1e e-flex e-con-boxed e-con e-parent\" data-id=\"95c8d1e\" data-element_type=\"container\" data-e-type=\"container\">\n\t\t\t\t\t<div class=\"e-con-inner\">\n\t\t\t\t<div class=\"elementor-element elementor-element-8e61ec6 elementor-widget elementor-widget-text-editor\" data-id=\"8e61ec6\" data-element_type=\"widget\" data-e-type=\"widget\" data-widget_type=\"text-editor.default\">\n\t\t\t\t<div class=\"elementor-widget-container\">\n\t\t\t\t\t\t\t\t\t<p>El Comit\u00e9 Municipal de Agua Potable y Alcantarillado (COMAPA) Organismo P\u00fablico Descentralizado (OPD), es el acr\u00f3nimo de Organismo Operador de Agua Potable, Saneamiento y Alcantarillado de Tac\u00e1mbaro, Michoac\u00e1n. Es un organismo del Ayuntamiento de Tac\u00e1mbaro que se encarga de atender los reportes de la poblaci\u00f3n y mejorar los servicios de agua, alcantarillado y saneamiento. <\/p>\n<p>De acuerdo al art\u00edculo 110 del Peri\u00f3dico Oficial del Gobierno Constitucional del Estado de Michoac\u00e1n de Ocampo, la Direcci\u00f3n de Panteones contar\u00e1 con las siguientes<\/p>\t\t\t\t\t\t\t\t<\/div>\n\t\t\t\t<\/div>\n\t\t\t\t\t<\/div>\n\t\t\t\t<\/div>\n\t\t<div class=\"elementor-element elementor-element-2419986 e-con-full e-flex e-con e-parent\" data-id=\"2419986\" data-element_type=\"container\" data-e-type=\"container\">\n\t\t\t\t<div class=\"elementor-element elementor-element-b977011 elementor-widget elementor-widget-text-editor\" data-id=\"b977011\" data-element_type=\"widget\" data-e-type=\"widget\" data-widget_type=\"text-editor.default\">\n\t\t\t\t<div class=\"elementor-widget-container\">\n\t\t\t\t\t\t\t\t\t<p><strong>ATRIBUCIONES<\/strong><br><ul><li>\nI.\tProyectar, construir, rehabilitar, ampliar, operar, administrar, conservar, mantener y mejorar los sistemas de agua potable, drenaje, alcantarillado, tratamiento y disposici\u00f3n de aguas residuales a su cargo;<\/li><li>\nII.\tRealizar los estudios y proyectos que sean necesarios para el cumplimiento de lo establecido en la fracci\u00f3n anterior y para controlar la contaminaci\u00f3n del agua, en coordinaci\u00f3n con las autoridades competentes;<\/li><li>\nIII.\tProporcionar el servicio p\u00fablico, a los n\u00facleos de poblaci\u00f3n, fraccionamientos y particulares asentados dentro de la misma poblaci\u00f3n correspondiente o sistema a su cargo, en los t\u00e9rminos de los convenios que para ese efecto se celebren;<\/li><li>\nIV.\tEjercer\u00e1 la administraci\u00f3n de sus recursos presupuestales y rendir\u00e1 cuenta de ellos;<\/li><li>\nV.\tFormular y mantener actualizado el padr\u00f3n de usuarios de los servicios a su cargo;<\/li><li>\nVI.\tCobrar de acuerdo a las tarifas aprobadas previamente, los derechos correspondientes a la prestaci\u00f3n del servicio p\u00fablico que regula esta ley;<\/li><li>\nVII.\tRealizar las gestiones que sean necesarias a fin de obtener la cooperaci\u00f3n o cr\u00e9ditos que requiera para el cumplimiento de su objeto;<\/li><li>\nVIII.\tRealizar los estudios socioecon\u00f3micos necesarios para la formulaci\u00f3n y establecimiento de tarifas conforme a las cuales deber\u00e1n cobrarse los servicios a su cargo, las que previa su aplicaci\u00f3n deber\u00e1n ser publicadas por conducto del Ejecutivo del Estado, en el Peri\u00f3dico Oficial;<\/li><li>\nIX.\tSolicitar a las autoridades competentes la expropiaci\u00f3n, ocupaci\u00f3n temporal, total o parcial, o la limitaci\u00f3n de los derechos de dominio en los t\u00e9rminos de la Ley de la materia;<\/li><li>\nX.\tCelebrar los convenios y contratos necesarios para el cumplimiento de las funciones a su cargo; y,<\/li><li>\nXI.\tLas dem\u00e1s que le se\u00f1ale la o el Presidente Municipal y las disposiciones normativas vigentes.<\/li><\/ul><\/p>\t\t\t\t\t\t\t\t<\/div>\n\t\t\t\t<\/div>\n\t\t\t\t<div class=\"elementor-element elementor-element-b8b6b6f elementor-widget elementor-widget-image\" data-id=\"b8b6b6f\" data-element_type=\"widget\" data-e-type=\"widget\" data-widget_type=\"image.default\">\n\t\t\t\t<div class=\"elementor-widget-container\">\n\t\t\t\t\t\t\t\t\t\t\t\t\t\t\t\t<a href=\"https:\/\/comapatac.gob.mx\/\">\n\t\t\t\t\t\t\t<img decoding=\"async\" src=\"https:\/\/tacambaro.gob.mx\/wp-content\/uploads\/elementor\/thumbs\/logo1-rdi0080jvevm71yrdxkfrcy0bv6jqxmv60ddojldem.png\" title=\"logo1\" alt=\"logo1\" loading=\"lazy\" \/>\t\t\t\t\t\t\t\t<\/a>\n\t\t\t\t\t\t\t\t\t\t\t\t\t\t\t<\/div>\n\t\t\t\t<\/div>\n\t\t\t\t<div class=\"elementor-element elementor-element-d1486a5 elementor-button-danger elementor-align-center elementor-widget elementor-widget-button\" data-id=\"d1486a5\" data-element_type=\"widget\" data-e-type=\"widget\" data-widget_type=\"button.default\">\n\t\t\t\t<div class=\"elementor-widget-container\">\n\t\t\t\t\t\t\t\t\t<div class=\"elementor-button-wrapper\">\n\t\t\t\t\t<a class=\"elementor-button elementor-button-link elementor-size-sm\" href=\"https:\/\/comapatac.gob.mx\/\">\n\t\t\t\t\t\t<span class=\"elementor-button-content-wrapper\">\n\t\t\t\t\t\t<span class=\"elementor-button-icon\">\n\t\t\t\t<svg aria-hidden=\"true\" class=\"e-font-icon-svg e-fas-link\" viewBox=\"0 0 512 512\" xmlns=\"http:\/\/www.w3.org\/2000\/svg\"><path d=\"M326.612 185.391c59.747 59.809 58.927 155.698.36 214.59-.11.12-.24.25-.36.37l-67.2 67.2c-59.27 59.27-155.699 59.262-214.96 0-59.27-59.26-59.27-155.7 0-214.96l37.106-37.106c9.84-9.84 26.786-3.3 27.294 10.606.648 17.722 3.826 35.527 9.69 52.721 1.986 5.822.567 12.262-3.783 16.612l-13.087 13.087c-28.026 28.026-28.905 73.66-1.155 101.96 28.024 28.579 74.086 28.749 102.325.51l67.2-67.19c28.191-28.191 28.073-73.757 0-101.83-3.701-3.694-7.429-6.564-10.341-8.569a16.037 16.037 0 0 1-6.947-12.606c-.396-10.567 3.348-21.456 11.698-29.806l21.054-21.055c5.521-5.521 14.182-6.199 20.584-1.731a152.482 152.482 0 0 1 20.522 17.197zM467.547 44.449c-59.261-59.262-155.69-59.27-214.96 0l-67.2 67.2c-.12.12-.25.25-.36.37-58.566 58.892-59.387 154.781.36 214.59a152.454 152.454 0 0 0 20.521 17.196c6.402 4.468 15.064 3.789 20.584-1.731l21.054-21.055c8.35-8.35 12.094-19.239 11.698-29.806a16.037 16.037 0 0 0-6.947-12.606c-2.912-2.005-6.64-4.875-10.341-8.569-28.073-28.073-28.191-73.639 0-101.83l67.2-67.19c28.239-28.239 74.3-28.069 102.325.51 27.75 28.3 26.872 73.934-1.155 101.96l-13.087 13.087c-4.35 4.35-5.769 10.79-3.783 16.612 5.864 17.194 9.042 34.999 9.69 52.721.509 13.906 17.454 20.446 27.294 10.606l37.106-37.106c59.271-59.259 59.271-155.699.001-214.959z\"><\/path><\/svg>\t\t\t<\/span>\n\t\t\t\t\t\t\t\t\t<span class=\"elementor-button-text\">Acceder Sitio Web<\/span>\n\t\t\t\t\t<\/span>\n\t\t\t\t\t<\/a>\n\t\t\t\t<\/div>\n\t\t\t\t\t\t\t\t<\/div>\n\t\t\t\t<\/div>\n\t\t\t\t<\/div>\n\t\t\t\t<\/div>\n\t\t","protected":false},"excerpt":{"rendered":"<p>Comit\u00e9 Municipal de Agua Potable y Alcantarillado (COMAPA) Ing. Orlando Hern\u00e1ndez Fabela Director de COMAPA El Comit\u00e9 Municipal de Agua Potable y Alcantarillado (COMAPA) Organismo P\u00fablico Descentralizado (OPD), es el acr\u00f3nimo de Organismo Operador de Agua Potable, Saneamiento y Alcantarillado de Tac\u00e1mbaro, Michoac\u00e1n. Es un organismo del Ayuntamiento de Tac\u00e1mbaro que se encarga de atender&hellip;<\/p>\n","protected":false},"author":1,"featured_media":0,"parent":0,"menu_order":0,"comment_status":"closed","ping_status":"closed","template":"","meta":{"om_disable_all_campaigns":false,"_monsterinsights_skip_tracking":false,"_monsterinsights_sitenote_active":false,"_monsterinsights_sitenote_note":"","_monsterinsights_sitenote_category":0,"footnotes":""},"class_list":["post-17944","page","type-page","status-publish","hentry"],"aioseo_notices":[],"rttpg_featured_image_url":null,"rttpg_author":{"display_name":"H. AYUNTAMIENTO DE TACAMBARO","author_link":"https:\/\/tacambaro.gob.mx\/?author=1"},"rttpg_comment":0,"rttpg_category":null,"rttpg_excerpt":"Comit\u00e9 Municipal de Agua Potable y Alcantarillado (COMAPA) Ing. Orlando Hern\u00e1ndez Fabela Director de COMAPA El Comit\u00e9 Municipal de Agua Potable y Alcantarillado (COMAPA) Organismo P\u00fablico Descentralizado (OPD), es el acr\u00f3nimo de Organismo Operador de Agua Potable, Saneamiento y Alcantarillado de Tac\u00e1mbaro, Michoac\u00e1n. Es un organismo del Ayuntamiento de Tac\u00e1mbaro que se encarga de atender&hellip;","_links":{"self":[{"href":"https:\/\/tacambaro.gob.mx\/index.php?rest_route=\/wp\/v2\/pages\/17944","targetHints":{"allow":["GET"]}}],"collection":[{"href":"https:\/\/tacambaro.gob.mx\/index.php?rest_route=\/wp\/v2\/pages"}],"about":[{"href":"https:\/\/tacambaro.gob.mx\/index.php?rest_route=\/wp\/v2\/types\/page"}],"author":[{"embeddable":true,"href":"https:\/\/tacambaro.gob.mx\/index.php?rest_route=\/wp\/v2\/users\/1"}],"replies":[{"embeddable":true,"href":"https:\/\/tacambaro.gob.mx\/index.php?rest_route=%2Fwp%2Fv2%2Fcomments&post=17944"}],"version-history":[{"count":31,"href":"https:\/\/tacambaro.gob.mx\/index.php?rest_route=\/wp\/v2\/pages\/17944\/revisions"}],"predecessor-version":[{"id":21435,"href":"https:\/\/tacambaro.gob.mx\/index.php?rest_route=\/wp\/v2\/pages\/17944\/revisions\/21435"}],"wp:attachment":[{"href":"https:\/\/tacambaro.gob.mx\/index.php?rest_route=%2Fwp%2Fv2%2Fmedia&parent=17944"}],"curies":[{"name":"wp","href":"https:\/\/api.w.org\/{rel}","templated":true}]}}