{"id":17962,"date":"2025-04-10T16:34:57","date_gmt":"2025-04-10T16:34:57","guid":{"rendered":"https:\/\/tacambaro.gob.mx\/?page_id=17962"},"modified":"2025-05-21T14:28:10","modified_gmt":"2025-05-21T14:28:10","slug":"transito-municipal","status":"publish","type":"page","link":"https:\/\/tacambaro.gob.mx\/?page_id=17962","title":{"rendered":"Tr\u00e1nsito Municipal"},"content":{"rendered":"\t\t<div data-elementor-type=\"wp-page\" data-elementor-id=\"17962\" class=\"elementor elementor-17962\">\n\t\t\t\t<div class=\"elementor-element elementor-element-788b842 e-flex e-con-boxed e-con e-parent\" data-id=\"788b842\" data-element_type=\"container\" data-e-type=\"container\" data-settings=\"{&quot;background_background&quot;:&quot;classic&quot;,&quot;shape_divider_bottom&quot;:&quot;mountains&quot;}\">\n\t\t\t\t\t<div class=\"e-con-inner\">\n\t\t\t\t<div class=\"elementor-shape elementor-shape-bottom\" aria-hidden=\"true\" data-negative=\"false\">\n\t\t\t<svg xmlns=\"http:\/\/www.w3.org\/2000\/svg\" viewBox=\"0 0 1000 100\" preserveAspectRatio=\"none\">\n\t<path class=\"elementor-shape-fill\" opacity=\"0.33\" d=\"M473,67.3c-203.9,88.3-263.1-34-320.3,0C66,119.1,0,59.7,0,59.7V0h1000v59.7 c0,0-62.1,26.1-94.9,29.3c-32.8,3.3-62.8-12.3-75.8-22.1C806,49.6,745.3,8.7,694.9,4.7S492.4,59,473,67.3z\"\/>\n\t<path class=\"elementor-shape-fill\" opacity=\"0.66\" d=\"M734,67.3c-45.5,0-77.2-23.2-129.1-39.1c-28.6-8.7-150.3-10.1-254,39.1 s-91.7-34.4-149.2,0C115.7,118.3,0,39.8,0,39.8V0h1000v36.5c0,0-28.2-18.5-92.1-18.5C810.2,18.1,775.7,67.3,734,67.3z\"\/>\n\t<path class=\"elementor-shape-fill\" d=\"M766.1,28.9c-200-57.5-266,65.5-395.1,19.5C242,1.8,242,5.4,184.8,20.6C128,35.8,132.3,44.9,89.9,52.5C28.6,63.7,0,0,0,0 h1000c0,0-9.9,40.9-83.6,48.1S829.6,47,766.1,28.9z\"\/>\n<\/svg>\t\t<\/div>\n\t\t\t\t<div class=\"elementor-element elementor-element-62522a6 elementor-widget elementor-widget-heading\" data-id=\"62522a6\" data-element_type=\"widget\" data-e-type=\"widget\" data-widget_type=\"heading.default\">\n\t\t\t\t<div class=\"elementor-widget-container\">\n\t\t\t\t\t<h2 class=\"elementor-heading-title elementor-size-default\">Tr\u00e1nsito Municipal<\/h2>\t\t\t\t<\/div>\n\t\t\t\t<\/div>\n\t\t\t\t\t<\/div>\n\t\t\t\t<\/div>\n\t\t<div class=\"elementor-element elementor-element-b07949f e-flex e-con-boxed e-con e-parent\" data-id=\"b07949f\" data-element_type=\"container\" data-e-type=\"container\">\n\t\t\t\t\t<div class=\"e-con-inner\">\n\t\t\t\t<div class=\"elementor-element elementor-element-e988423 elementor-widget elementor-widget-image\" data-id=\"e988423\" data-element_type=\"widget\" data-e-type=\"widget\" data-widget_type=\"image.default\">\n\t\t\t\t<div class=\"elementor-widget-container\">\n\t\t\t\t\t\t\t\t\t\t\t\t\t\t\t<img fetchpriority=\"high\" decoding=\"async\" width=\"923\" height=\"615\" src=\"https:\/\/tacambaro.gob.mx\/wp-content\/uploads\/2025\/04\/WhatsApp-Image-2025-04-09-at-11.42.24-AM-1024x682.jpeg\" class=\"attachment-large size-large wp-image-17967\" alt=\"\" \/>\t\t\t\t\t\t\t\t\t\t\t\t\t\t\t<\/div>\n\t\t\t\t<\/div>\n\t\t\t\t<div class=\"elementor-element elementor-element-f974dee elementor-widget elementor-widget-text-editor\" data-id=\"f974dee\" data-element_type=\"widget\" data-e-type=\"widget\" data-widget_type=\"text-editor.default\">\n\t\t\t\t<div class=\"elementor-widget-container\">\n\t\t\t\t\t\t\t\t\t<p>C. Carmen Santoyo Santoyo <br>\n<strong>Director de Tr\u00e1nsito Municipal<\/strong><\/p>\t\t\t\t\t\t\t\t<\/div>\n\t\t\t\t<\/div>\n\t\t\t\t\t<\/div>\n\t\t\t\t<\/div>\n\t\t<div class=\"elementor-element elementor-element-31ddab5 e-flex e-con-boxed e-con e-parent\" data-id=\"31ddab5\" data-element_type=\"container\" data-e-type=\"container\">\n\t\t\t\t\t<div class=\"e-con-inner\">\n\t\t\t\t<div class=\"elementor-element elementor-element-43c5e2d elementor-widget elementor-widget-text-editor\" data-id=\"43c5e2d\" data-element_type=\"widget\" data-e-type=\"widget\" data-widget_type=\"text-editor.default\">\n\t\t\t\t<div class=\"elementor-widget-container\">\n\t\t\t\t\t\t\t\t\t<p>La Direcci\u00f3n de Tr\u00e1nsito y Movilidad, es la encargada de supervisar el respeto a las normas jur\u00eddicas que regulan el tr\u00e1nsito y vialidad, as\u00ed como planear, organizar, coordinar, dirigir y supervisar las actividades que en materia de tr\u00e1nsito, control vehicular y vialidad se establezcan y desarrollen en el municipio.<\/p>\n<p>De acuerdo al art\u00edculo 103 del&nbsp;<span class=\"selectable-text copyable-text xkrh14z\" style=\"white-space-collapse: preserve;\">Reglamento Interno del Gobierno Municipal de Tac\u00e1mbaro<\/span>, la Direcci\u00f3n de Tr\u00e1nsito Municipal contar\u00e1 con las siguientes<\/p>\t\t\t\t\t\t\t\t<\/div>\n\t\t\t\t<\/div>\n\t\t\t\t\t<\/div>\n\t\t\t\t<\/div>\n\t\t<div class=\"elementor-element elementor-element-6eb4646 e-flex e-con-boxed e-con e-parent\" data-id=\"6eb4646\" data-element_type=\"container\" data-e-type=\"container\">\n\t\t\t\t\t<div class=\"e-con-inner\">\n\t\t\t\t<div class=\"elementor-element elementor-element-cfc054c elementor-widget elementor-widget-text-editor\" data-id=\"cfc054c\" data-element_type=\"widget\" data-e-type=\"widget\" data-widget_type=\"text-editor.default\">\n\t\t\t\t<div class=\"elementor-widget-container\">\n\t\t\t\t\t\t\t\t\t<p><b>ATRIBUCIONES<\/b><br><ul><li>\nI.\tSupervisar la observancia y cumplimiento del Reglamento de Tr\u00e1nsito y Vialidad del Municipio, as\u00ed como de las disposiciones legales que regulen la circulaci\u00f3n de veh\u00edculos en las v\u00edas de su jurisdicci\u00f3n municipal;<\/li><li>\nII.\tParticipar en el debido proceso con el Ministerio P\u00fablico, los veh\u00edculos y conductores involucrados en hechos de tr\u00e1nsito, bajo los supuestos y t\u00e9rminos que establezcan las leyes;<\/li><li>\nIII.\tBuscar el desarrollo integral de los servidores p\u00fablicos de la Direcci\u00f3n de Tr\u00e1nsito, vigilar su disciplina y honorabilidad, as\u00ed como establecer est\u00edmulos y reconocimientos en coordinaci\u00f3n con el Presidente Municipal;<\/li><li>\nIV.\tDisponer que se organice y ordene el tr\u00e1nsito de veh\u00edculos en la jurisdicci\u00f3n del Municipio;<\/li><li>\nV.\tOrdenar y vigilar que se lleven a cabo las labores de orientaci\u00f3n y auxilio del tr\u00e1nsito vehicular;<\/li><li>\nVI.\tEstablecer programas de capacitaci\u00f3n para los servidores p\u00fablicos de la Direcci\u00f3n de Tr\u00e1nsito, que coadyuven a su formaci\u00f3n c\u00edvica, acad\u00e9mica y t\u00e9cnica;<\/li><li>\nVII.\tAplicar sanciones disciplinarias, proporcionales a la falta cometida por los servidores p\u00fablicos de la Direcci\u00f3n de Tr\u00e1nsito;<\/li><li>\nVIII.\tGarantizar el resguardo de los veh\u00edculos que hayan participado en hechos de Tr\u00e1nsito o por cualquier otra falta y sean trasladados al corral\u00f3n;<\/li><li>\nIX.\tDise\u00f1ar e implementar acciones dirigidas a la prevenci\u00f3n y soluci\u00f3n de la problem\u00e1tica de tr\u00e1nsito y vialidad en el Municipio, con base en las estad\u00edsticas, mapas de frecuencia de hechos e infracciones viales;<\/li><li>\nX.\tRealizar los estudios t\u00e9cnicos y de campo que sean necesarios en materia de tr\u00e1nsito;<\/li><li>\nXI.\tVigilar el adecuado aprovechamiento de los recursos humanos, materiales y financieros, asignados a la Direcci\u00f3n de Tr\u00e1nsito;<\/li><li>\nXII.\tResolver las controversias que se deriven de la aplicaci\u00f3n de las infracciones de tr\u00e1nsito;<\/li><li>\nXIII.\tEjercer el mando inmediato y vigilar el desempe\u00f1o de los agentes de tr\u00e1nsito, as\u00ed como determinar las estrategias y lineamientos de operaci\u00f3n;<\/li><li>\nXIV.\tEjecutar acciones de tr\u00e1nsito y vialidad, en coordinaci\u00f3n con autoridades federales, estatales, municipales y con personal de Comisi\u00f3n Coordinadora del Transporte P\u00fablico de Michoac\u00e1n;<\/li><li>\nXV.\tApoyar a las autoridades correspondientes en la detenci\u00f3n, resguardo y presentaci\u00f3n de veh\u00edculos, cuando as\u00ed lo soliciten;<\/li><li>\nXVI.\tExigir los dispositivos viales necesarios a los propietarios y\/o representantes legales de establecimientos comerciales, negocios, empresas, desarrolladores que intervengan en la vialidad, con motivo de reparaciones, construcciones y\/o condicionamientos; esto, para garantizar la seguridad de conductores, peatones y trabajadores;<\/li><li>\nXVII.\tEstablecer, mantener y vigilar los dispositivos para el control de tr\u00e1nsito requeridos en las vialidades del municipio;<\/li><li>\nXVIII.\tElaborar y en su caso, ejecutar proyectos de se\u00f1alamientos viales;<\/li><li>\nXIX.\tRealizar estudios para determinar la necesidad de incorporar infraestructura semaf\u00f3rica, en las v\u00edas del municipio;<\/li><li>\nXX.\tAutorizar estudios de impacto vial, para aquellos desarrollos o establecimientos dentro de la mancha urbana, y que por su naturaleza requieran modificar las condiciones de la vialidad;<\/li><li>\nXXI.\tInspeccionar la circulaci\u00f3n en el Municipio, con el objeto de proponer modificaciones tendientes a lograr que el servicio de tr\u00e1nsito sea m\u00e1s seguro;<\/li><li>\nXXII.\tRealizar estudios t\u00e9cnicos, levantamientos topogr\u00e1ficos y plantear soluciones de modificaci\u00f3n geom\u00e9trica o se\u00f1alizaci\u00f3n vial;<\/li><li>\nXXIII.\tRealizar los estudios necesarios relacionados con los estacionamientos existentes, o que en el futuro se puedan establecer, tomando en cuenta como criterios fundamentales para esta clase de estudios, la fluidez de tr\u00e1nsito;<\/li><li>\nXXIV.\tOpinar sobre itinerarios y paradas oficiales en las rutas urbanas, en las v\u00edas a cargo del Ayuntamiento;<\/li><li>\nXXV.\tFormular los estudios t\u00e9cnicos relacionados con las solicitudes, para el otorgamiento de permisos p\u00fablicos de ruta, de sitio y de carga;<\/li><li>\nXXVI.\tFormular estudios de ingenier\u00eda que permitan alcanzar un tr\u00e1nsito m\u00e1s seguro; Implementar las medidas y dispositivos que permitan un mejor control vehicular de estacionamiento en la v\u00eda p\u00fablica;<\/li><li>\nXXVII.\tRegular y restringir la circulaci\u00f3n de veh\u00edculos de carga y descarga en el centro de la cabecera municipal, sus calles y avenidas principales de mayor tr\u00e1nsito vehicular;<\/li><li>\nXXVIII.\tEjecutar los programas que autoricen las autoridades en materia de tr\u00e1nsito y vialidad; y,<\/li><li>\nXXIX.\tLas dem\u00e1s que le se\u00f1ale el Presidente Municipal, la Direcci\u00f3n de Seguridad P\u00fablica y Vialidad, y las disposiciones normativas aplicables.<\/li><\/ul><\/p>\t\t\t\t\t\t\t\t<\/div>\n\t\t\t\t<\/div>\n\t\t\t\t\t<\/div>\n\t\t\t\t<\/div>\n\t\t\t\t<\/div>\n\t\t","protected":false},"excerpt":{"rendered":"<p>Tr\u00e1nsito Municipal C. Carmen Santoyo Santoyo Director de Tr\u00e1nsito Municipal La Direcci\u00f3n de Tr\u00e1nsito y Movilidad, es la encargada de supervisar el respeto a las normas jur\u00eddicas que regulan el tr\u00e1nsito y vialidad, as\u00ed como planear, organizar, coordinar, dirigir y supervisar las actividades que en materia de tr\u00e1nsito, control vehicular y vialidad se establezcan y&hellip;<\/p>\n","protected":false},"author":1,"featured_media":0,"parent":0,"menu_order":0,"comment_status":"closed","ping_status":"closed","template":"","meta":{"om_disable_all_campaigns":false,"_monsterinsights_skip_tracking":false,"_monsterinsights_sitenote_active":false,"_monsterinsights_sitenote_note":"","_monsterinsights_sitenote_category":0,"footnotes":""},"class_list":["post-17962","page","type-page","status-publish","hentry"],"aioseo_notices":[],"rttpg_featured_image_url":null,"rttpg_author":{"display_name":"H. AYUNTAMIENTO DE TACAMBARO","author_link":"https:\/\/tacambaro.gob.mx\/?author=1"},"rttpg_comment":0,"rttpg_category":null,"rttpg_excerpt":"Tr\u00e1nsito Municipal C. Carmen Santoyo Santoyo Director de Tr\u00e1nsito Municipal La Direcci\u00f3n de Tr\u00e1nsito y Movilidad, es la encargada de supervisar el respeto a las normas jur\u00eddicas que regulan el tr\u00e1nsito y vialidad, as\u00ed como planear, organizar, coordinar, dirigir y supervisar las actividades que en materia de tr\u00e1nsito, control vehicular y vialidad se establezcan y&hellip;","_links":{"self":[{"href":"https:\/\/tacambaro.gob.mx\/index.php?rest_route=\/wp\/v2\/pages\/17962","targetHints":{"allow":["GET"]}}],"collection":[{"href":"https:\/\/tacambaro.gob.mx\/index.php?rest_route=\/wp\/v2\/pages"}],"about":[{"href":"https:\/\/tacambaro.gob.mx\/index.php?rest_route=\/wp\/v2\/types\/page"}],"author":[{"embeddable":true,"href":"https:\/\/tacambaro.gob.mx\/index.php?rest_route=\/wp\/v2\/users\/1"}],"replies":[{"embeddable":true,"href":"https:\/\/tacambaro.gob.mx\/index.php?rest_route=%2Fwp%2Fv2%2Fcomments&post=17962"}],"version-history":[{"count":16,"href":"https:\/\/tacambaro.gob.mx\/index.php?rest_route=\/wp\/v2\/pages\/17962\/revisions"}],"predecessor-version":[{"id":18895,"href":"https:\/\/tacambaro.gob.mx\/index.php?rest_route=\/wp\/v2\/pages\/17962\/revisions\/18895"}],"wp:attachment":[{"href":"https:\/\/tacambaro.gob.mx\/index.php?rest_route=%2Fwp%2Fv2%2Fmedia&parent=17962"}],"curies":[{"name":"wp","href":"https:\/\/api.w.org\/{rel}","templated":true}]}}