{"id":21254,"date":"2025-11-10T14:39:13","date_gmt":"2025-11-10T14:39:13","guid":{"rendered":"https:\/\/tacambaro.gob.mx\/?page_id=21254"},"modified":"2025-11-10T14:54:59","modified_gmt":"2025-11-10T14:54:59","slug":"informacion-contable-2024-ivmt","status":"publish","type":"page","link":"https:\/\/tacambaro.gob.mx\/?page_id=21254","title":{"rendered":"Informaci\u00f3n Contable 2024 (IVMT)"},"content":{"rendered":"\t\t<div data-elementor-type=\"wp-page\" data-elementor-id=\"21254\" class=\"elementor elementor-21254\">\n\t\t\t\t<div class=\"elementor-element elementor-element-c4159a5 e-flex e-con-boxed e-con e-parent\" data-id=\"c4159a5\" data-element_type=\"container\" data-e-type=\"container\">\n\t\t\t\t\t<div class=\"e-con-inner\">\n\t\t<div class=\"elementor-element elementor-element-ce05f4f e-con-full e-flex e-con e-child\" data-id=\"ce05f4f\" data-element_type=\"container\" data-e-type=\"container\">\n\t\t<div class=\"elementor-element elementor-element-678ec1b e-con-full e-flex e-con e-child\" data-id=\"678ec1b\" data-element_type=\"container\" data-e-type=\"container\" data-settings=\"{&quot;background_background&quot;:&quot;classic&quot;,&quot;shape_divider_bottom&quot;:&quot;mountains&quot;}\">\n\t\t\t\t<div class=\"elementor-shape elementor-shape-bottom\" aria-hidden=\"true\" data-negative=\"false\">\n\t\t\t<svg xmlns=\"http:\/\/www.w3.org\/2000\/svg\" viewBox=\"0 0 1000 100\" preserveAspectRatio=\"none\">\n\t<path class=\"elementor-shape-fill\" opacity=\"0.33\" d=\"M473,67.3c-203.9,88.3-263.1-34-320.3,0C66,119.1,0,59.7,0,59.7V0h1000v59.7 c0,0-62.1,26.1-94.9,29.3c-32.8,3.3-62.8-12.3-75.8-22.1C806,49.6,745.3,8.7,694.9,4.7S492.4,59,473,67.3z\"\/>\n\t<path class=\"elementor-shape-fill\" opacity=\"0.66\" d=\"M734,67.3c-45.5,0-77.2-23.2-129.1-39.1c-28.6-8.7-150.3-10.1-254,39.1 s-91.7-34.4-149.2,0C115.7,118.3,0,39.8,0,39.8V0h1000v36.5c0,0-28.2-18.5-92.1-18.5C810.2,18.1,775.7,67.3,734,67.3z\"\/>\n\t<path class=\"elementor-shape-fill\" d=\"M766.1,28.9c-200-57.5-266,65.5-395.1,19.5C242,1.8,242,5.4,184.8,20.6C128,35.8,132.3,44.9,89.9,52.5C28.6,63.7,0,0,0,0 h1000c0,0-9.9,40.9-83.6,48.1S829.6,47,766.1,28.9z\"\/>\n<\/svg>\t\t<\/div>\n\t\t\t\t<div class=\"elementor-element elementor-element-7426c1b elementor-widget elementor-widget-heading\" data-id=\"7426c1b\" data-element_type=\"widget\" data-e-type=\"widget\" data-widget_type=\"heading.default\">\n\t\t\t\t<div class=\"elementor-widget-container\">\n\t\t\t\t\t<h2 class=\"elementor-heading-title elementor-size-default\">Informaci\u00f3n Contable  2024 (IVMT)<\/h2>\t\t\t\t<\/div>\n\t\t\t\t<\/div>\n\t\t\t\t<\/div>\n\t\t\t\t<\/div>\n\t\t\t\t\t<\/div>\n\t\t\t\t<\/div>\n\t\t<div class=\"elementor-element elementor-element-fcff88c e-con-full e-flex e-con e-parent\" data-id=\"fcff88c\" data-element_type=\"container\" data-e-type=\"container\">\n\t\t<div class=\"elementor-element elementor-element-33e5810 e-con-full e-flex e-con e-child\" data-id=\"33e5810\" data-element_type=\"container\" data-e-type=\"container\">\n\t\t\t\t<div class=\"elementor-element elementor-element-03658d7 elementor-widget__width-initial elementor-widget elementor-widget-image\" data-id=\"03658d7\" data-element_type=\"widget\" data-e-type=\"widget\" data-widget_type=\"image.default\">\n\t\t\t\t<div class=\"elementor-widget-container\">\n\t\t\t\t\t\t\t\t\t\t\t\t\t\t\t<img decoding=\"async\" width=\"143\" height=\"102\" src=\"https:\/\/tacambaro.gob.mx\/wp-content\/uploads\/2025\/11\/IVMT.png\" class=\"attachment-large size-large wp-image-21242\" alt=\"\" \/>\t\t\t\t\t\t\t\t\t\t\t\t\t\t\t<\/div>\n\t\t\t\t<\/div>\n\t\t\t\t<\/div>\n\t\t\t\t<\/div>\n\t\t<div class=\"elementor-element elementor-element-8d25198 e-flex e-con-boxed e-con e-parent\" data-id=\"8d25198\" data-element_type=\"container\" data-e-type=\"container\">\n\t\t\t\t\t<div class=\"e-con-inner\">\n\t\t\t\t<div class=\"elementor-element elementor-element-d466c2a elementor-widget elementor-widget-text-editor\" data-id=\"d466c2a\" data-element_type=\"widget\" data-e-type=\"widget\" data-widget_type=\"text-editor.default\">\n\t\t\t\t<div class=\"elementor-widget-container\">\n\t\t\t\t\t\t\t\t\t<h2 data-elementor-setting-key=\"title\" data-pen-placeholder=\"Teclea aqu\u00ed...\" style=\"font-family: &quot;Helvetica Neue&quot;, helvetica, arial, sans-serif; color: rgb(104, 104, 104);\">Cuenta P\u00fablica Anual 2024<\/h2>\n<h2><span style=\"font-size: 17px; font-weight: 500; letter-spacing: 0px;\"><a href=\"https:\/\/tacambaro.gob.mx\/wp-content\/uploads\/2025\/11\/1-ESTADO-DE-ACTIVIDADES-2.pdf\">1. Estado de actividades.pdf<\/a><\/span><\/h2>\n<p>2. Estado de actividades .xlsx<\/p>\n<p><a href=\"https:\/\/tacambaro.gob.mx\/wp-content\/uploads\/2025\/11\/2-ESTADO-DE-SITUACION-FINANCIERA-2.pdf\">3. Estado de situaci\u00f3n financiera.pdf<\/a><\/p>\n<p>4. Estado de situaci\u00f3n Financiera .xlsx<\/p>\n<p><a href=\"https:\/\/tacambaro.gob.mx\/wp-content\/uploads\/2025\/11\/3-ESTADO-DE-VARIACION-EN-LA-HACIENDA.pdf\">5. Estado de variaciones en la Hacienda P\u00fablica.pdf<\/a><\/p>\n<p>6. Estado de variaciones en la Hacienda P\u00fablica .xlsx<\/p>\n<p><a href=\"https:\/\/tacambaro.gob.mx\/wp-content\/uploads\/2025\/11\/4-ESTADO-DE-CAMBIOS-EN-LA-SITUACION-FINANCIERA.pdf\">7. Estado de cambios en la Situaci\u00f3n Financiera.pdf<\/a><\/p>\n<p>8. Estado de cambios en la Situaci\u00f3n Financiera .xlsx<\/p>\n<p><a href=\"https:\/\/tacambaro.gob.mx\/wp-content\/uploads\/2025\/11\/5-ESTADO-DE-FLUJOS-DE-EFECTIVO-2.pdf\">9. Estado de Flujo de efectivo.pdf<\/a><\/p>\n<p>10. Estado de flujo de efectivo .xlsx<\/p>\n<p><a href=\"https:\/\/tacambaro.gob.mx\/wp-content\/uploads\/2025\/11\/6-NOTAS-A-LOS-ESTADOS-FINANCIEROS-2.pdf\">11. Notas a los Estados Financieros.pdf<\/a><\/p>\n<p><a href=\"https:\/\/tacambaro.gob.mx\/wp-content\/uploads\/2025\/11\/7-ESTADO-ANALITICO-DEL-ACTIVO.pdf\">12. Estado anal\u00edtico del Activo.pdf<\/a><\/p>\n<p>13. Estado anal\u00edtico del Activo .xlsx<\/p>\n<p><a href=\"https:\/\/tacambaro.gob.mx\/wp-content\/uploads\/2025\/11\/8-ESTADO-ANALITICO-DE-INGRESOS.pdf\">14. Estado Anal\u00edtico de Ingresos.pdf<\/a><\/p>\n<p>15. Estado Anal\u00edtico de Ingresos .xlsx<\/p>\n<p><a href=\"https:\/\/tacambaro.gob.mx\/wp-content\/uploads\/2025\/11\/9-ESTADO-ANALITICO-DEL-EJERCICIO-DEL-PRESUPUESTO-DE-EGRESOS-CLASIFICACION-ADMINISTRATIVA.pdf\">16. Estado del Ejercicio del presupuesto de egresos (Clasificaci\u00f3n administrativa).pdf<\/a><\/p>\n<p>17. Estado del Ejercicio del presupuesto de egresos (Clasificaci\u00f3n administrativa) .xls<\/p>\n<p><a href=\"https:\/\/tacambaro.gob.mx\/wp-content\/uploads\/2025\/11\/ESTADO-ANALITICO-DEL-EJERCICIO-DEL-PRESUPUESTO-DE-EGRESOS-CLASIFICACION-ECONOMICA-POR-TIPO-DE-GASTO.pdf\">18. Estado del Ejercicio del presupuesto de egresos (Clasificaci\u00f3n econ\u00f3mica).pdf<\/a><\/p>\n<p>19. Estado del Ejercicio del presupuesto de egresos (Clasificaci\u00f3n econ\u00f3mica).xlsx<\/p>\n<p><a href=\"https:\/\/tacambaro.gob.mx\/wp-content\/uploads\/2025\/11\/ESTADO-ANALITICO-DEL-EJERCICIO-DEL-PRESUPUESTO-DE-EGRESOS-CLASIFICACION-POR-OBJETO-CAPITULO-Y-CONCEPTO.pdf\">20. Estado del Ejercicio del presupuesto de egresos (Clasificaci\u00f3n por objeto de gasto).pdf<\/a><\/p>\n<p>21. Estado del Ejercicio del presupuesto de egresos (Clasificaci\u00f3n por objeto de gasto) .xlsx<\/p>\n<p><a href=\"https:\/\/tacambaro.gob.mx\/wp-content\/uploads\/2025\/11\/ESTADO-ANALITICO-DEL-EJERCICIO-DEL-PRESUPUESTO-DE-EGRESOS-CLASIFICACION-FUNCIONAL-FINALIDAD-Y-FUNCION.pdf\">22. Estado del Ejercicio del presupuesto de egresos (Clasificaci\u00f3n Funcional).pdf<\/a><\/p>\n<p>23. Estado del Ejercicio del presupuesto de egresos (Clasificaci\u00f3n Funcional) .xlsx<\/p>\n<p><a href=\"https:\/\/tacambaro.gob.mx\/wp-content\/uploads\/2025\/11\/Relacion-de-cuentas-bancarias.pdf\">24. Relaci\u00f3n de cuentas bancarias productivas.pdf<\/a><\/p>\t\t\t\t\t\t\t\t<\/div>\n\t\t\t\t<\/div>\n\t\t\t\t\t<\/div>\n\t\t\t\t<\/div>\n\t\t\t\t<\/div>\n\t\t","protected":false},"excerpt":{"rendered":"<p>Informaci\u00f3n Contable 2024 (IVMT) Cuenta P\u00fablica Anual 2024 1. Estado de actividades.pdf 2. Estado de actividades .xlsx 3. Estado de situaci\u00f3n financiera.pdf 4. Estado de situaci\u00f3n Financiera .xlsx 5. Estado de variaciones en la Hacienda P\u00fablica.pdf 6. Estado de variaciones en la Hacienda P\u00fablica .xlsx 7. Estado de cambios en la Situaci\u00f3n Financiera.pdf 8. Estado&hellip;<\/p>\n","protected":false},"author":1,"featured_media":0,"parent":0,"menu_order":0,"comment_status":"closed","ping_status":"closed","template":"","meta":{"om_disable_all_campaigns":false,"_monsterinsights_skip_tracking":false,"_monsterinsights_sitenote_active":false,"_monsterinsights_sitenote_note":"","_monsterinsights_sitenote_category":0,"footnotes":""},"class_list":["post-21254","page","type-page","status-publish","hentry"],"aioseo_notices":[],"rttpg_featured_image_url":null,"rttpg_author":{"display_name":"H. AYUNTAMIENTO DE TACAMBARO","author_link":"https:\/\/tacambaro.gob.mx\/?author=1"},"rttpg_comment":0,"rttpg_category":null,"rttpg_excerpt":"Informaci\u00f3n Contable 2024 (IVMT) Cuenta P\u00fablica Anual 2024 1. Estado de actividades.pdf 2. Estado de actividades .xlsx 3. Estado de situaci\u00f3n financiera.pdf 4. Estado de situaci\u00f3n Financiera .xlsx 5. Estado de variaciones en la Hacienda P\u00fablica.pdf 6. Estado de variaciones en la Hacienda P\u00fablica .xlsx 7. Estado de cambios en la Situaci\u00f3n Financiera.pdf 8. Estado&hellip;","_links":{"self":[{"href":"https:\/\/tacambaro.gob.mx\/index.php?rest_route=\/wp\/v2\/pages\/21254","targetHints":{"allow":["GET"]}}],"collection":[{"href":"https:\/\/tacambaro.gob.mx\/index.php?rest_route=\/wp\/v2\/pages"}],"about":[{"href":"https:\/\/tacambaro.gob.mx\/index.php?rest_route=\/wp\/v2\/types\/page"}],"author":[{"embeddable":true,"href":"https:\/\/tacambaro.gob.mx\/index.php?rest_route=\/wp\/v2\/users\/1"}],"replies":[{"embeddable":true,"href":"https:\/\/tacambaro.gob.mx\/index.php?rest_route=%2Fwp%2Fv2%2Fcomments&post=21254"}],"version-history":[{"count":16,"href":"https:\/\/tacambaro.gob.mx\/index.php?rest_route=\/wp\/v2\/pages\/21254\/revisions"}],"predecessor-version":[{"id":21285,"href":"https:\/\/tacambaro.gob.mx\/index.php?rest_route=\/wp\/v2\/pages\/21254\/revisions\/21285"}],"wp:attachment":[{"href":"https:\/\/tacambaro.gob.mx\/index.php?rest_route=%2Fwp%2Fv2%2Fmedia&parent=21254"}],"curies":[{"name":"wp","href":"https:\/\/api.w.org\/{rel}","templated":true}]}}