{"id":6787,"date":"2019-05-01T19:27:22","date_gmt":"2019-05-01T19:27:22","guid":{"rendered":"http:\/\/tacambaro.gob.mx\/?page_id=6787"},"modified":"2021-03-02T21:28:51","modified_gmt":"2021-03-02T21:28:51","slug":"informacion-contable-y-presupustal","status":"publish","type":"page","link":"https:\/\/tacambaro.gob.mx\/?page_id=6787","title":{"rendered":"<h1><span style=\"color: #DAA520;\"> INFORMACI\u00d3N CONTABLE Y PRESUPUESTAL <\/span><\/h1>"},"content":{"rendered":"<h1> <strong> PRIMER TRIMESTRE 2019 <\/strong><\/h1>\n<p><a <span style=\"text-decoration: underline;\"><span style=\"color: #DAA520;\"><a style=\"color: #DAA520; text-decoration: underline;\" href=\"http:\/\/tacambaro.gob.mx\/wp-content\/uploads\/2019\/05\/D1.11.pdf\" rel=\"\">D1.11 Montos efectivamente pagados por concepto de ayudas y subsidios.<\/a><br \/>\n<br \/>\n<a <span style=\"text-decoration: underline;\"><span style=\"color: #DAA520;\"><a style=\"color: #DAA520; text-decoration: underline;\" href=\"http:\/\/tacambaro.gob.mx\/wp-content\/uploads\/2019\/05\/D1.12.pdf\" rel=\"\">D1.12 Montos identificados por orden de gobierno de los programas en que concurran Recursos Federales.<\/a><br \/>\n<br \/>\n<a <span style=\"text-decoration: underline;\"><span style=\"color: #DAA520;\"><a style=\"color: #DAA520; text-decoration: underline;\" href=\"http:\/\/tacambaro.gob.mx\/wp-content\/uploads\/2019\/05\/D1.13.pdf\" rel=\"\">D1.13 Informaci\u00f3n de las aportaciones Federales del Fondo de Aportaciones para la Educaci\u00f3n tecnol\u00f3gica y de adultos (FAETA)<\/a><br \/>\n<br \/>\n<a <span style=\"text-decoration: underline;\"><span style=\"color: #DAA520;\"><a style=\"color: #DAA520; text-decoration: underline;\" href=\"http:\/\/tacambaro.gob.mx\/wp-content\/uploads\/2019\/05\/D1.14.pdf\" rel=\"\">D1.14 Informaci\u00f3n relativa a las aportaciones federales en materia de salud<\/a>.<br \/>\n<br \/>\n<a <span style=\"text-decoration: underline;\"><span style=\"color: #DAA520;\"><a style=\"color: #DAA520; text-decoration: underline;\" href=\"http:\/\/tacambaro.gob.mx\/wp-content\/uploads\/2019\/05\/CONAC-D.1.17.pdf\" rel=\"\">D.1.17<\/a><br \/>\n<br \/>\n<a <span style=\"text-decoration: underline;\"><span style=\"color: #DAA520;\"><a style=\"color: #DAA520; text-decoration: underline;\" href=\"http:\/\/tacambaro.gob.mx\/wp-content\/uploads\/2019\/05\/D1.18.pdf\" rel=\"\">D1.18 Informaci\u00f3n relativa a los Fondos de Ayuda Federal para la Seguridad P\u00fablica<\/a>.<br \/>\n<br \/>\n<a <span style=\"text-decoration: underline;\"><span style=\"color: #DAA520;\"><a style=\"color: #DAA520; text-decoration: underline;\" href=\"http:\/\/tacambaro.gob.mx\/wp-content\/uploads\/2019\/05\/D1.19.pdf\" rel=\"\">D1.19 Informaci\u00f3n relativa a las obligaciones que se pagan o garantizan con recursos de fondos federales.<\/a><br \/>\n<br \/>\n<a <span style=\"text-decoration: underline;\"><span style=\"color: #DAA520;\"><a style=\"color: #DAA520; text-decoration: underline;\" href=\"http:\/\/tacambaro.gob.mx\/wp-content\/uploads\/2019\/05\/D1.20.pdf\" rel=\"\">D1.20<\/a><br \/>\n<br \/>\n<a <span style=\"text-decoration: underline;\"><span style=\"color: #DAA520;\"><a style=\"color: #DAA520; text-decoration: underline;\" href=\"http:\/\/tacambaro.gob.mx\/wp-content\/uploads\/2019\/05\/D2.1.pdf\" rel=\"\">D2.1 Estado de Actividades<\/a><br \/>\n<br \/>\n<a <span style=\"text-decoration: underline;\"><span style=\"color: #DAA520;\"><a style=\"color: #DAA520; text-decoration: underline;\" href=\"http:\/\/tacambaro.gob.mx\/wp-content\/uploads\/2019\/05\/D2.2.pdf\" rel=\"\">D2.2 Estado de Situaciones Financieras<\/a><br \/>\n<br \/>\n<a <span style=\"text-decoration: underline;\"><span style=\"color: #DAA520;\"><a style=\"color: #DAA520; text-decoration: underline;\" href=\"http:\/\/tacambaro.gob.mx\/wp-content\/uploads\/2019\/05\/D2.3.pdf\" rel=\"\">D2.3 Estado de variaci\u00f3n en la Hacienda P\u00fablica<\/a><br \/>\n<br \/>\n<a <span style=\"text-decoration: underline;\"><span style=\"color: #DAA520;\"><a style=\"color: #DAA520; text-decoration: underline;\" href=\"http:\/\/tacambaro.gob.mx\/wp-content\/uploads\/2019\/05\/D3.4.pdf\" rel=\"\">D3.4 Estado de cambios en la situaci\u00f3n financiera.<\/a><br \/>\n<br \/>\n<a <span style=\"text-decoration: underline;\"><span style=\"color: #DAA520;\"><a style=\"color: #DAA520; text-decoration: underline;\" href=\"http:\/\/tacambaro.gob.mx\/wp-content\/uploads\/2019\/05\/D2.5.pdf\" rel=\"\">D2.5 Estado de Flujos de Efectivo.<\/a><br \/>\n<br \/>\n<a <span style=\"text-decoration: underline;\"><span style=\"color: #DAA520;\"><a style=\"color: #DAA520; text-decoration: underline;\" href=\"http:\/\/tacambaro.gob.mx\/wp-content\/uploads\/2019\/05\/D2.6.pdf\" rel=\"\">D2.6<\/a><br \/>\n<br \/>\n<a <span style=\"text-decoration: underline;\"><span style=\"color: #DAA520;\"><a style=\"color: #DAA520; text-decoration: underline;\" href=\"http:\/\/tacambaro.gob.mx\/wp-content\/uploads\/2019\/05\/D2.7.pdf\" rel=\"\">D2.7 Notas a los estados financieros.<\/a><br \/>\n<br \/>\n<a <span style=\"text-decoration: underline;\"><span style=\"color: #DAA520;\"><a style=\"color: #DAA520; text-decoration: underline;\" href=\"http:\/\/tacambaro.gob.mx\/wp-content\/uploads\/2019\/05\/D2.8.pdf\" rel=\"\">D2.8 Estado anal\u00edtico del Activo.<\/a><br \/>\n<br \/>\n<a <span style=\"text-decoration: underline;\"><span style=\"color: #DAA520;\"><a style=\"color: #DAA520; text-decoration: underline;\" href=\"http:\/\/tacambaro.gob.mx\/wp-content\/uploads\/2019\/05\/2.9-ESTADO-ANALITICO-DE-LA-DEUDA-Y-OTROS-PASIVOS.pdf\" rel=\"\">2.9 ESTADO ANALITICO DE LA DEUDA Y OTROS PASIVOS<\/a><br \/>\n<br \/>\n<a <span style=\"text-decoration: underline;\"><span style=\"color: #DAA520;\"><a style=\"color: #DAA520; text-decoration: underline;\" href=\"http:\/\/tacambaro.gob.mx\/wp-content\/uploads\/2019\/05\/D3.1.pdf\" rel=\"\">D3.1 Estado anal\u00edtico de Ingresos.<\/a><br \/>\n<br \/>\n<a <span style=\"text-decoration: underline;\"><span style=\"color: #DAA520;\"><a style=\"color: #DAA520; text-decoration: underline;\" href=\"http:\/\/tacambaro.gob.mx\/wp-content\/uploads\/2019\/05\/D3.2.pdf\" rel=\"\">D3.2 Estado anal\u00edtico de ejercicio del presupuesto de egresos clasificaci\u00f3n administrativa.<\/a><br \/>\n<br \/>\n<a <span style=\"text-decoration: underline;\"><span style=\"color: #DAA520;\"><a style=\"color: #DAA520; text-decoration: underline;\" href=\"http:\/\/tacambaro.gob.mx\/wp-content\/uploads\/2019\/05\/D3.3.pdf\" rel=\"\">D3.3 Estado anal\u00edtico del ejercicio del presupusto de egresos clasificaci\u00f3n econ\u00f3mica (tipo de gasto).<\/a><br \/>\n<br \/>\n<a <span style=\"text-decoration: underline;\"><span style=\"color: #DAA520;\"><a style=\"color: #DAA520; text-decoration: underline;\" href=\"http:\/\/tacambaro.gob.mx\/wp-content\/uploads\/2019\/05\/D3.4.pdf\" rel=\"\">D3.4 Estado anal\u00edtico del ejercicio del presupusto de egresos clasificaci\u00f3n por objeto de gasto.<\/a><br \/>\n<br \/>\n<a <span style=\"text-decoration: underline;\"><span style=\"color: #DAA520;\"><a style=\"color: #DAA520; text-decoration: underline;\" href=\"http:\/\/tacambaro.gob.mx\/wp-content\/uploads\/2019\/05\/D3.5.pdf\" rel=\"\">D3.5 Estado anal\u00edtico del ejercicio del presupusto de egresos clasificaci\u00f3n funcional.<\/a><br \/>\n<br \/>\n<a <span style=\"text-decoration: underline;\"><span style=\"color: #DAA520;\"><a style=\"color: #DAA520; text-decoration: underline;\" href=\"http:\/\/tacambaro.gob.mx\/wp-content\/uploads\/2019\/05\/D3.6.pdf\" rel=\"\">D3.6 Endeudamiento neto.<\/a><br \/>\n<br \/>\n<a <span style=\"text-decoration: underline;\"><span style=\"color: #DAA520;\"><a style=\"color: #DAA520; text-decoration: underline;\" href=\"http:\/\/tacambaro.gob.mx\/wp-content\/uploads\/2019\/05\/D3.7.pdf\" rel=\"\">D3.7 Ingresos de la Deuda<\/a><br \/>\n<br \/>\n<a <span style=\"text-decoration: underline;\"><span style=\"color: #DAA520;\"><a style=\"color: #DAA520; text-decoration: underline;\" href=\"http:\/\/tacambaro.gob.mx\/wp-content\/uploads\/2019\/05\/D4.1.pdf\" rel=\"\">D4.1 Gasto por categor\u00eda program\u00e1tica.<\/a><br \/>\n<br \/>\n<a <span style=\"text-decoration: underline;\"><span style=\"color: #DAA520;\"><a style=\"color: #DAA520; text-decoration: underline;\" href=\"http:\/\/tacambaro.gob.mx\/wp-content\/uploads\/2019\/05\/D4.2.pdf\" rel=\"\">D4.2 Indicadores de Resultados.<\/a><br \/>\n<br \/>\n<a <span style=\"text-decoration: underline;\"><span style=\"color: #DAA520;\"><a style=\"color: #DAA520; text-decoration: underline;\" href=\"http:\/\/tacambaro.gob.mx\/wp-content\/uploads\/2019\/05\/D4.3.pdf\" rel=\"\">D4.3<\/a><br \/>\n<br \/>\n<a <span style=\"text-decoration: underline;\"><span style=\"color: #DAA520;\"><a style=\"color: #DAA520; text-decoration: underline;\" href=\"http:\/\/tacambaro.gob.mx\/wp-content\/uploads\/2019\/05\/C2.7-CUENTA-P\u00daBLICA.pdf\" rel=\"\">C2.7 CUENTA P\u00daBLICA<\/a><\/p>\n<p>&nbsp;<\/p>\n<h1> <strong> SEGUNDO TRIMESTRE 2019 <\/strong> <\/span><\/h1>\n<p><a <span style=\"text-decoration: underline;\"><span style=\"color: #DAA520;\"><a style=\"color: #DAA520; text-decoration: underline;\" href=\"http:\/\/tacambaro.gob.mx\/wp-content\/uploads\/2019\/08\/A2.6.pdf\" target=\"_blank\" rel=\"noopener noreferrer\">A.2.6. Informe sobre Pasivos Contingentes.<\/a><br \/>\n<br \/>\n<a <span style=\"text-decoration: underline;\"><span style=\"color: #DAA520;\"><a style=\"color: #DAA520; text-decoration: underline;\" href=\"http:\/\/tacambaro.gob.mx\/wp-content\/uploads\/2019\/08\/A2.10.pdf\" target=\"_blank\" rel=\"noopener noreferrer\">A.2.10. Participaci\u00f3n en entidades p\u00fablicas paraestatales o empresas productivas del Estado.<\/a><br \/>\n<br \/>\n<a <span style=\"text-decoration: underline;\"><span style=\"color: #DAA520;\"><a style=\"color: #DAA520; text-decoration: underline;\" href=\"http:\/\/tacambaro.gob.mx\/wp-content\/uploads\/2019\/08\/C.2.1.pdf\" target=\"_blank\" rel=\"noopener noreferrer\">C.2.1. Avance de Obras P\u00fablicas. <\/a><br \/>\n<br \/>\n<a <span style=\"text-decoration: underline;\"><span style=\"color: #DAA520;\"><a style=\"color: #DAA520; text-decoration: underline;\" href=\"http:\/\/tacambaro.gob.mx\/wp-content\/uploads\/2019\/08\/D1.11.pdf\" target=\"_blank\" rel=\"noopener noreferrer\">D1.11. Montos efectivamente pagados por concepto de ayudas y subsidios.<\/a><br \/>\n<br \/>\n<a <span style=\"text-decoration: underline;\"><span style=\"color: #DAA520;\"><a style=\"color: #DAA520; text-decoration: underline;\" href=\"http:\/\/tacambaro.gob.mx\/wp-content\/uploads\/2019\/08\/D1.15.pdf\" target=\"_blank\" rel=\"noopener noreferrer\">D1.15. Aplicaci\u00f3n de recursos del FAIS<\/a><br \/>\n<br \/>\n<a <span style=\"text-decoration: underline;\"><span style=\"color: #DAA520;\"><a style=\"color: #DAA520; text-decoration: underline;\" href=\"http:\/\/tacambaro.gob.mx\/wp-content\/uploads\/2019\/08\/D1.17-Avances-Fortamun-tesoreria.xlsx\" target=\"_blank\" rel=\"noopener noreferrer\">D.1.17. AVANCES FORTAMUN.<\/a><br \/>\n<br \/>\n<a <span style=\"text-decoration: underline;\"><span style=\"color: #DAA520;\"><a style=\"color: #DAA520; text-decoration: underline;\" href=\"http:\/\/tacambaro.gob.mx\/wp-content\/uploads\/2019\/08\/D1.19.pdf\" target=\"_blank\" rel=\"noopener noreferrer\">D.1.19. Obligaciones Garantizadas con Recursos Federales.<\/a><br \/>\n<br \/>\n<a <span style=\"text-decoration: underline;\"><span style=\"color: #DAA520;\"><a style=\"color: #DAA520; text-decoration: underline;\" href=\"http:\/\/tacambaro.gob.mx\/wp-content\/uploads\/2019\/08\/D1.20.pdf\" target=\"_blank\" rel=\"noopener noreferrer\">D.1.20. Formato del ejercicio y destino del gasto federalizado y reintegros.<\/a><br \/>\n<br \/>\n<a <span style=\"text-decoration: underline;\"><span style=\"color: #DAA520;\"><a style=\"color: #DAA520; text-decoration: underline;\" href=\"http:\/\/tacambaro.gob.mx\/wp-content\/uploads\/2019\/08\/D2.1.pdf\" target=\"_blank\" rel=\"noopener noreferrer\">D.2.1. Estado de actividades.<\/a><br \/>\n<br \/>\n<a <span style=\"text-decoration: underline;\"><span style=\"color: #DAA520;\"><a style=\"color: #DAA520; text-decoration: underline;\" href=\"http:\/\/tacambaro.gob.mx\/wp-content\/uploads\/2019\/08\/D2.2.pdf\" target=\"_blank\" rel=\"noopener noreferrer\">D.2.2. Estado de Situaci\u00f3n Financiera.<\/a><br \/>\n<br \/>\n<a <span style=\"text-decoration: underline;\"><span style=\"color: #DAA520;\"><a style=\"color: #DAA520; text-decoration: underline;\" href=\"http:\/\/tacambaro.gob.mx\/wp-content\/uploads\/2019\/08\/D2.3.pdf\" target=\"_blank\" rel=\"noopener noreferrer\">D.2.3. estado de variaci\u00f3n en la Hacienda P\u00fablica.<\/a><br \/>\n<br \/>\n<a <span style=\"text-decoration: underline;\"><span style=\"color: #DAA520;\"><a style=\"color: #DAA520; text-decoration: underline;\" href=\"http:\/\/tacambaro.gob.mx\/wp-content\/uploads\/2019\/08\/D2.4.pdf\">D.2.4. Estado de cambios en la situaci\u00f3n financiera.<\/a><br \/>\n<br \/>\n<a <span style=\"text-decoration: underline;\"><span style=\"color: #DAA520;\"><a style=\"color: #DAA520; text-decoration: underline;\" href=\"http:\/\/tacambaro.gob.mx\/wp-content\/uploads\/2019\/08\/D2.5.pdf\" target=\"_blank\" rel=\"noopener noreferrer\">D.2.5. Estado de Flujos de Efectivo.<\/a><br \/>\n<br \/>\n<a <span style=\"text-decoration: underline;\"><span style=\"color: #DAA520;\"><a style=\"color: #DAA520; text-decoration: underline;\" href=\"http:\/\/tacambaro.gob.mx\/wp-content\/uploads\/2019\/08\/D2.6.pdf\" target=\"_blank\" rel=\"noopener noreferrer\">D.2.6. Informe sobre pasivos contingentes.<\/a><br \/>\n<br \/>\n<a <span style=\"text-decoration: underline;\"><span style=\"color: #DAA520;\"><a style=\"color: #DAA520; text-decoration: underline;\" href=\"http:\/\/tacambaro.gob.mx\/wp-content\/uploads\/2019\/08\/D2.7.pdf\" target=\"_blank\" rel=\"noopener noreferrer\">D.2.7. Notas a los estados financieros.<\/a><br \/>\n<br \/>\n<a <span style=\"text-decoration: underline;\"><span style=\"color: #DAA520;\"><a style=\"color: #DAA520; text-decoration: underline;\" href=\"http:\/\/tacambaro.gob.mx\/wp-content\/uploads\/2019\/08\/D2.8.pdf\" target=\"_blank\" rel=\"noopener noreferrer\">D.2.8. Estado anal\u00edtico del activo.<\/a><br \/>\n<br \/>\n<a <span style=\"text-decoration: underline;\"><span style=\"color: #DAA520;\"><a style=\"color: #DAA520; text-decoration: underline;\" href=\"http:\/\/tacambaro.gob.mx\/wp-content\/uploads\/2019\/08\/D2.9.pdf\" target=\"_blank\" rel=\"noopener noreferrer\">D.2.9. Estado anal\u00edtico de la deuda y otros pasivos.<\/a><br \/>\n<br \/>\n<a <span style=\"text-decoration: underline;\"><span style=\"color: #DAA520;\"><a style=\"color: #DAA520; text-decoration: underline;\" href=\"http:\/\/tacambaro.gob.mx\/wp-content\/uploads\/2019\/08\/D3.1.pdf\" target=\"_blank\" rel=\"noopener noreferrer\">D.3.1. Estado anal\u00edtico de Ingresos.<\/a><br \/>\n<br \/>\n<a <span style=\"text-decoration: underline;\"><span style=\"color: #DAA520;\"><a style=\"color: #DAA520; text-decoration: underline;\" href=\"http:\/\/tacambaro.gob.mx\/wp-content\/uploads\/2019\/08\/D3.2.pdf\" target=\"_blank\" rel=\"noopener noreferrer\">D.3.2. Estado anal\u00edtico del ejercicio presupuestario de egresos clasificaci\u00f3n administrativa.<\/a><br \/>\n<br \/>\n<a <span style=\"text-decoration: underline;\"><span style=\"color: #DAA520;\"><a style=\"color: #DAA520; text-decoration: underline;\" href=\"http:\/\/tacambaro.gob.mx\/wp-content\/uploads\/2019\/08\/D3.3.pdf\" target=\"_blank\" rel=\"noopener noreferrer\">D.3.3. Estado anal\u00edtico del ejercicio presupuestario de egresos clasificaci\u00f3n econ\u00f3mico (tipo de gastos).<\/a><br \/>\n<br \/>\n<a <span style=\"text-decoration: underline;\"><span style=\"color: #DAA520;\"><a style=\"color: #DAA520; text-decoration: underline;\" href=\"http:\/\/tacambaro.gob.mx\/wp-content\/uploads\/2019\/08\/D3.4.pdf\" target=\"_blank\" rel=\"noopener noreferrer\">D.3.4. Estado anal\u00edtico del ejercicio presupuestario de egresos clasificaci\u00f3n por objeto de gastos.<\/a><br \/>\n<br \/>\n<a <span style=\"text-decoration: underline;\"><span style=\"color: #DAA520;\"><a style=\"color: #DAA520; text-decoration: underline;\" href=\"http:\/\/tacambaro.gob.mx\/wp-content\/uploads\/2019\/08\/D3.5.pdf\" target=\"_blank\" rel=\"noopener noreferrer\">D.3.5. Estado anal\u00edtico del ejercicio presupuestario de egresos clasificaci\u00f3n funcional.<\/a><br \/>\n<br \/>\n<a <span style=\"text-decoration: underline;\"><span style=\"color: #DAA520;\"><a style=\"color: #DAA520; text-decoration: underline;\" href=\"http:\/\/tacambaro.gob.mx\/wp-content\/uploads\/2019\/08\/D3.6.pdf\" target=\"_blank\" rel=\"noopener noreferrer\">D.3.6. Endeudamiento Neto.<\/a><br \/>\n<br \/>\n<a <span style=\"text-decoration: underline;\"><span style=\"color: #DAA520;\"><a style=\"color: #DAA520; text-decoration: underline;\" href=\"http:\/\/tacambaro.gob.mx\/wp-content\/uploads\/2019\/08\/D3.7.pdf\" target=\"_blank\" rel=\"noopener noreferrer\">D.3.7. Intereses de la Deuda.<\/a><br \/>\n<br \/>\n<a <span style=\"text-decoration: underline;\"><span style=\"color: #DAA520;\"><a style=\"color: #DAA520; text-decoration: underline;\" href=\"http:\/\/tacambaro.gob.mx\/wp-content\/uploads\/2019\/08\/D4.1.pdf\" target=\"_blank\" rel=\"noopener noreferrer\">D.4.1. Gasto por categor\u00eda program\u00e1tica.<\/a><br \/>\n<br \/>\n<a <span style=\"text-decoration: underline;\"><span style=\"color: #DAA520;\"><a style=\"color: #DAA520; text-decoration: underline;\" href=\"http:\/\/tacambaro.gob.mx\/wp-content\/uploads\/2019\/08\/D4.2.pdf\" target=\"_blank\" rel=\"noopener noreferrer\">D.4.2. Indicadores de Resultados.<\/a><br \/>\n<br \/>\n<a <span style=\"text-decoration: underline;\"><span style=\"color: #DAA520;\"><a style=\"color: #DAA520; text-decoration: underline;\" href=\"http:\/\/tacambaro.gob.mx\/wp-content\/uploads\/2019\/08\/D4.3-1.pdf\" target=\"_blank\" rel=\"noopener noreferrer\">D.4.3. Estado anal\u00edtico del ejercicio del presupuesto de Egresos.<\/a><br \/>\n<br \/>\n<a <span style=\"text-decoration: underline;\"><span style=\"color: #DAA520;\"><a style=\"color: #DAA520; text-decoration: underline;\" href=\"http:\/\/tacambaro.gob.mx\/wp-content\/uploads\/2019\/08\/D5.4-1-sindicatura.pdf\" target=\"_blank\" rel=\"noopener noreferrer\">D.5.4. Inventario de bienes muebles e inmuebles.<\/a><br \/>\n<br \/>\n<a <span style=\"text-decoration: underline;\"><span style=\"color: #DAA520;\"><a style=\"color: #DAA520; text-decoration: underline;\" href=\"http:\/\/tacambaro.gob.mx\/wp-content\/uploads\/2019\/08\/CUENTA-PUBLICA-2DO-TRIMESTRE-2019.pdf\" target=\"_blank\" rel=\"noopener noreferrer\">Cuenta P\u00fablica 2do Trimestre.<\/a><\/p>\n<h2><span style=\"text-decoration: underline;\"><span style=\"color: #DAA520;\"><a style=\"color: #DAA520; text-decoration: underline;\" href=\"http:\/\/tacambaro.gob.mx\/?page_id=7570\">TERCER TRIMESTRE 2019<\/a><\/span><\/span><\/h2>\n<h2><span style=\"text-decoration: underline;\"><span style=\"color: #DAA520;\"><a style=\"color: #DAA520; text-decoration: underline;\" href=\"http:\/\/tacambaro.gob.mx\/?page_id=8682\">CUARTO TRIMESTRE 2019<\/a><\/span><\/span><\/h2>\n<h2><span style=\"text-decoration: underline;\"><span style=\"color: #DAA520;\"><a style=\"color: #DAA520; text-decoration: underline;\" href=\"http:\/\/tacambaro.gob.mx\/?page_id=9020\">CUENTA PUBLICA ANUAL 2019<\/a><\/span><\/span><\/h2>\n","protected":false},"excerpt":{"rendered":"<p>PRIMER TRIMESTRE 2019<\/p>\n","protected":false},"author":1,"featured_media":0,"parent":0,"menu_order":0,"comment_status":"closed","ping_status":"closed","template":"","meta":{"om_disable_all_campaigns":false,"_monsterinsights_skip_tracking":false,"_monsterinsights_sitenote_active":false,"_monsterinsights_sitenote_note":"","_monsterinsights_sitenote_category":0,"footnotes":""},"class_list":["post-6787","page","type-page","status-publish","hentry"],"aioseo_notices":[],"rttpg_featured_image_url":null,"rttpg_author":{"display_name":"H. AYUNTAMIENTO DE TACAMBARO","author_link":"https:\/\/tacambaro.gob.mx\/?author=1"},"rttpg_comment":0,"rttpg_category":null,"rttpg_excerpt":"PRIMER TRIMESTRE 2019","_links":{"self":[{"href":"https:\/\/tacambaro.gob.mx\/index.php?rest_route=\/wp\/v2\/pages\/6787","targetHints":{"allow":["GET"]}}],"collection":[{"href":"https:\/\/tacambaro.gob.mx\/index.php?rest_route=\/wp\/v2\/pages"}],"about":[{"href":"https:\/\/tacambaro.gob.mx\/index.php?rest_route=\/wp\/v2\/types\/page"}],"author":[{"embeddable":true,"href":"https:\/\/tacambaro.gob.mx\/index.php?rest_route=\/wp\/v2\/users\/1"}],"replies":[{"embeddable":true,"href":"https:\/\/tacambaro.gob.mx\/index.php?rest_route=%2Fwp%2Fv2%2Fcomments&post=6787"}],"version-history":[{"count":117,"href":"https:\/\/tacambaro.gob.mx\/index.php?rest_route=\/wp\/v2\/pages\/6787\/revisions"}],"predecessor-version":[{"id":10833,"href":"https:\/\/tacambaro.gob.mx\/index.php?rest_route=\/wp\/v2\/pages\/6787\/revisions\/10833"}],"wp:attachment":[{"href":"https:\/\/tacambaro.gob.mx\/index.php?rest_route=%2Fwp%2Fv2%2Fmedia&parent=6787"}],"curies":[{"name":"wp","href":"https:\/\/api.w.org\/{rel}","templated":true}]}}