{"id":7266,"date":"2019-10-16T21:40:04","date_gmt":"2019-10-16T21:40:04","guid":{"rendered":"http:\/\/tacambaro.gob.mx\/?page_id=7266"},"modified":"2025-09-25T21:39:42","modified_gmt":"2025-09-25T21:39:42","slug":"desarrollo-economico","status":"publish","type":"page","link":"https:\/\/tacambaro.gob.mx\/?page_id=7266","title":{"rendered":"Desarrollo Econ\u00f3mico"},"content":{"rendered":"\t\t<div data-elementor-type=\"wp-page\" data-elementor-id=\"7266\" class=\"elementor elementor-7266\">\n\t\t\t\t<div class=\"elementor-element elementor-element-8b3cdc4 e-flex e-con-boxed e-con e-parent\" data-id=\"8b3cdc4\" data-element_type=\"container\" data-e-type=\"container\" data-settings=\"{&quot;background_background&quot;:&quot;classic&quot;,&quot;shape_divider_bottom&quot;:&quot;mountains&quot;}\">\n\t\t\t\t\t<div class=\"e-con-inner\">\n\t\t\t\t<div class=\"elementor-shape elementor-shape-bottom\" aria-hidden=\"true\" data-negative=\"false\">\n\t\t\t<svg xmlns=\"http:\/\/www.w3.org\/2000\/svg\" viewBox=\"0 0 1000 100\" preserveAspectRatio=\"none\">\n\t<path class=\"elementor-shape-fill\" opacity=\"0.33\" d=\"M473,67.3c-203.9,88.3-263.1-34-320.3,0C66,119.1,0,59.7,0,59.7V0h1000v59.7 c0,0-62.1,26.1-94.9,29.3c-32.8,3.3-62.8-12.3-75.8-22.1C806,49.6,745.3,8.7,694.9,4.7S492.4,59,473,67.3z\"\/>\n\t<path class=\"elementor-shape-fill\" opacity=\"0.66\" d=\"M734,67.3c-45.5,0-77.2-23.2-129.1-39.1c-28.6-8.7-150.3-10.1-254,39.1 s-91.7-34.4-149.2,0C115.7,118.3,0,39.8,0,39.8V0h1000v36.5c0,0-28.2-18.5-92.1-18.5C810.2,18.1,775.7,67.3,734,67.3z\"\/>\n\t<path class=\"elementor-shape-fill\" d=\"M766.1,28.9c-200-57.5-266,65.5-395.1,19.5C242,1.8,242,5.4,184.8,20.6C128,35.8,132.3,44.9,89.9,52.5C28.6,63.7,0,0,0,0 h1000c0,0-9.9,40.9-83.6,48.1S829.6,47,766.1,28.9z\"\/>\n<\/svg>\t\t<\/div>\n\t\t\t\t<div class=\"elementor-element elementor-element-69ef582 elementor-widget elementor-widget-heading\" data-id=\"69ef582\" data-element_type=\"widget\" data-e-type=\"widget\" data-widget_type=\"heading.default\">\n\t\t\t\t<div class=\"elementor-widget-container\">\n\t\t\t\t\t<h2 class=\"elementor-heading-title elementor-size-default\">Desarrollo Econ\u00f3mico<\/h2>\t\t\t\t<\/div>\n\t\t\t\t<\/div>\n\t\t\t\t\t<\/div>\n\t\t\t\t<\/div>\n\t\t<div class=\"elementor-element elementor-element-a4013f3 e-flex e-con-boxed e-con e-parent\" data-id=\"a4013f3\" data-element_type=\"container\" data-e-type=\"container\">\n\t\t\t\t\t<div class=\"e-con-inner\">\n\t\t\t\t<div class=\"elementor-element elementor-element-46852e8 elementor-widget elementor-widget-image\" data-id=\"46852e8\" data-element_type=\"widget\" data-e-type=\"widget\" data-widget_type=\"image.default\">\n\t\t\t\t<div class=\"elementor-widget-container\">\n\t\t\t\t\t\t\t\t\t\t\t\t\t\t\t<img fetchpriority=\"high\" decoding=\"async\" width=\"1024\" height=\"683\" src=\"https:\/\/tacambaro.gob.mx\/wp-content\/uploads\/2025\/04\/WhatsApp-Image-2025-04-02-at-12.58.29-PM-1-1024x683.jpeg\" class=\"attachment-large size-large wp-image-17809\" alt=\"\" \/>\t\t\t\t\t\t\t\t\t\t\t\t\t\t\t<\/div>\n\t\t\t\t<\/div>\n\t\t\t\t<div class=\"elementor-element elementor-element-7a961ab elementor-widget elementor-widget-text-editor\" data-id=\"7a961ab\" data-element_type=\"widget\" data-e-type=\"widget\" data-widget_type=\"text-editor.default\">\n\t\t\t\t<div class=\"elementor-widget-container\">\n\t\t\t\t\t\t\t\t\t<p>C. L\u00e1zaro Cornejo G\u00f3mez <br>\n<strong>Director de Desarrollo Econ\u00f3mico<\/strong><\/p> \t\t\t\t\t\t\t\t<\/div>\n\t\t\t\t<\/div>\n\t\t\t\t<div class=\"elementor-element elementor-element-2d44e24b elementor-widget elementor-widget-text-editor\" data-id=\"2d44e24b\" data-element_type=\"widget\" data-e-type=\"widget\" data-widget_type=\"text-editor.default\">\n\t\t\t\t<div class=\"elementor-widget-container\">\n\t\t\t\t\t\t\t\t\tImpulsar la prosperidad local es la misi\u00f3n central de esta Direcci\u00f3n, eje estrat\u00e9gico del Ayuntamiento de Tac\u00e1mbaro. Con fundamento en el Reglamento Interno de Organizaci\u00f3n de la Administraci\u00f3n Municipal, su titular dise\u00f1a y ejecuta pol\u00edticas que fomentan la inversi\u00f3n, fortalecen a las micro, peque\u00f1as y medianas empresas y generan empleo digno. Coordina programas de capacitaci\u00f3n empresarial, promueve la formalizaci\u00f3n de negocios y vincula a productores con cadenas comerciales regionales, estatales e internacionales. Gestiona apoyos y financiamientos ante dependencias estatales y federales, adem\u00e1s de facilitar tr\u00e1mites para nuevos emprendimientos a trav\u00e9s de la Mejora Regulatoria municipal. Entre sus alcances se incluyen la organizaci\u00f3n de ferias comerciales, el impulso a proyectos de turismo econ\u00f3mico y la atracci\u00f3n de capital privado que respete el medio ambiente y la identidad cultural de Tac\u00e1mbaro. Su objetivo: convertir al municipio en un polo competitivo y sostenible, donde las oportunidades de desarrollo econ\u00f3mico lleguen a todas las familias.\t\t\t\t\t\t\t\t<\/div>\n\t\t\t\t<\/div>\n\t\t\t\t\t<\/div>\n\t\t\t\t<\/div>\n\t\t\t\t<\/div>\n\t\t","protected":false},"excerpt":{"rendered":"<p>Desarrollo Econ\u00f3mico C. L\u00e1zaro Cornejo G\u00f3mez Director de Desarrollo Econ\u00f3mico Impulsar la prosperidad local es la misi\u00f3n central de esta Direcci\u00f3n, eje estrat\u00e9gico del Ayuntamiento de Tac\u00e1mbaro. Con fundamento en el Reglamento Interno de Organizaci\u00f3n de la Administraci\u00f3n Municipal, su titular dise\u00f1a y ejecuta pol\u00edticas que fomentan la inversi\u00f3n, fortalecen a las micro, peque\u00f1as y&hellip;<\/p>\n","protected":false},"author":1,"featured_media":0,"parent":0,"menu_order":0,"comment_status":"closed","ping_status":"closed","template":"","meta":{"om_disable_all_campaigns":false,"_monsterinsights_skip_tracking":false,"_monsterinsights_sitenote_active":false,"_monsterinsights_sitenote_note":"","_monsterinsights_sitenote_category":0,"footnotes":""},"class_list":["post-7266","page","type-page","status-publish","hentry"],"aioseo_notices":[],"rttpg_featured_image_url":null,"rttpg_author":{"display_name":"H. AYUNTAMIENTO DE TACAMBARO","author_link":"https:\/\/tacambaro.gob.mx\/?author=1"},"rttpg_comment":0,"rttpg_category":null,"rttpg_excerpt":"Desarrollo Econ\u00f3mico C. L\u00e1zaro Cornejo G\u00f3mez Director de Desarrollo Econ\u00f3mico Impulsar la prosperidad local es la misi\u00f3n central de esta Direcci\u00f3n, eje estrat\u00e9gico del Ayuntamiento de Tac\u00e1mbaro. Con fundamento en el Reglamento Interno de Organizaci\u00f3n de la Administraci\u00f3n Municipal, su titular dise\u00f1a y ejecuta pol\u00edticas que fomentan la inversi\u00f3n, fortalecen a las micro, peque\u00f1as y&hellip;","_links":{"self":[{"href":"https:\/\/tacambaro.gob.mx\/index.php?rest_route=\/wp\/v2\/pages\/7266","targetHints":{"allow":["GET"]}}],"collection":[{"href":"https:\/\/tacambaro.gob.mx\/index.php?rest_route=\/wp\/v2\/pages"}],"about":[{"href":"https:\/\/tacambaro.gob.mx\/index.php?rest_route=\/wp\/v2\/types\/page"}],"author":[{"embeddable":true,"href":"https:\/\/tacambaro.gob.mx\/index.php?rest_route=\/wp\/v2\/users\/1"}],"replies":[{"embeddable":true,"href":"https:\/\/tacambaro.gob.mx\/index.php?rest_route=%2Fwp%2Fv2%2Fcomments&post=7266"}],"version-history":[{"count":28,"href":"https:\/\/tacambaro.gob.mx\/index.php?rest_route=\/wp\/v2\/pages\/7266\/revisions"}],"predecessor-version":[{"id":19977,"href":"https:\/\/tacambaro.gob.mx\/index.php?rest_route=\/wp\/v2\/pages\/7266\/revisions\/19977"}],"wp:attachment":[{"href":"https:\/\/tacambaro.gob.mx\/index.php?rest_route=%2Fwp%2Fv2%2Fmedia&parent=7266"}],"curies":[{"name":"wp","href":"https:\/\/api.w.org\/{rel}","templated":true}]}}