{"id":9098,"date":"2020-03-26T19:30:39","date_gmt":"2020-03-26T19:30:39","guid":{"rendered":"http:\/\/tacambaro.gob.mx\/?page_id=9098"},"modified":"2021-02-19T21:26:15","modified_gmt":"2021-02-19T21:26:15","slug":"presupuesto-2020","status":"publish","type":"page","link":"https:\/\/tacambaro.gob.mx\/?page_id=9098","title":{"rendered":"<h1><span style=\"color: #DAA520;\">PRESUPUESTO 2020<\/span><\/h1>"},"content":{"rendered":"<ul>\n<p><a span style=\"color: #191919;\" href=\"http:\/\/tacambaro.gob.mx\/wp-content\/uploads\/2020\/03\/1-1.pdf\" rel=\"noopener noreferrer\" target=\"_blank\">1.\tInformaci\u00f3n adicional a la iniciativa de Ley de Ingresos 2020<\/a><\/p>\n<p><\/p>\n<p><a span style=\"color: #191919;\" href=\"http:\/\/tacambaro.gob.mx\/wp-content\/uploads\/2020\/03\/2-1.pdf\" rel=\"noopener noreferrer\" target=\"_blank\">2.\tInformaci\u00f3n adicional del Proyecto del Presupuesto de Egresos 2020<\/a><\/p>\n<p><\/p>\n<p><a span style=\"color: #191919;\" href=\"http:\/\/tacambaro.gob.mx\/wp-content\/uploads\/2020\/03\/3-1.pdf\" rel=\"noopener noreferrer\" target=\"_blank\">3.\tDifusi\u00f3n a la ciudadan\u00eda de la Ley de Ingresos y del Presupuesto de Egresos 2020<\/a><\/p>\n<p><\/p>\n<p><a span style=\"color: #191919;\" href=\"http:\/\/tacambaro.gob.mx\/wp-content\/uploads\/2020\/03\/4-1.pdf\" rel=\"noopener noreferrer\" target=\"_blank\">4.\tCalendario de Ingresos Base Mensual 2020<\/a><\/p>\n<p><\/p>\n<p><a span style=\"color: #191919;\" href=\"http:\/\/tacambaro.gob.mx\/wp-content\/uploads\/2020\/03\/5-1.pdf\" rel=\"noopener noreferrer\" target=\"_blank\">5.\tCalendario de Egresos Base Mensual 2020<\/a><\/p>\n<p><\/p>\n<p><a span style=\"color: #191919;\" href=\"http:\/\/tacambaro.gob.mx\/wp-content\/uploads\/2020\/03\/6.pdf\" rel=\"noopener noreferrer\" target=\"_blank\">6.\tRemuneraci\u00f3n de Presidente Municipal, S\u00edndico y Regidores para el ejercicio 2020<\/a><\/p>\n<p><\/p>\n<p><a span style=\"color: #191919;\" href=\"http:\/\/tacambaro.gob.mx\/wp-content\/uploads\/2020\/03\/7-1.pdf\" rel=\"noopener noreferrer\" target=\"_blank\">7.\tPresupuesto de Ingresos y Egresos para el Ejercicio Fiscal 2020<\/a><\/p>\n<p><\/p>\n<p><a span style=\"color: #191919;\" href=\"http:\/\/tacambaro.gob.mx\/wp-content\/uploads\/2020\/03\/8-1.pdf\" rel=\"noopener noreferrer\" target=\"_blank\">8.\tLey de Ingresos del Municipio de Tac\u00e1mbaro Michoac\u00e1n para el Ejercicio Fiscal del a\u00f1o 2020<\/a><\/p>\n<p><\/p>\n<p><a span style=\"color: #191919;\" href=\"http:\/\/tacambaro.gob.mx\/wp-content\/uploads\/2020\/03\/9-1.pdf\" rel=\"noopener noreferrer\" target=\"_blank\">9.\tDictamen con proyecto de decreto de aprobaci\u00f3n de la Ley de Ingresos Ejercicio Fiscal 2020<\/a><\/p>\n<p><\/p>\n<p><a span style=\"color: #191919;\" href=\"http:\/\/tacambaro.gob.mx\/wp-content\/uploads\/2020\/03\/10-1.pdf\" rel=\"noopener noreferrer\" target=\"_blank\">10.\tAprobaci\u00f3n de cabildo del Presupuesto de Egresos 2020<\/a>\n<\/ul>\n","protected":false},"excerpt":{"rendered":"<p>1. Informaci\u00f3n adicional a la iniciativa de Ley de Ingresos 2020 2. Informaci\u00f3n adicional del Proyecto del Presupuesto de Egresos 2020 3. Difusi\u00f3n a la ciudadan\u00eda de la Ley de Ingresos y del Presupuesto de Egresos 2020 4. Calendario de Ingresos Base Mensual 2020 5. Calendario de Egresos Base Mensual 2020 6. Remuneraci\u00f3n de Presidente&hellip;<\/p>\n","protected":false},"author":1,"featured_media":0,"parent":0,"menu_order":0,"comment_status":"closed","ping_status":"closed","template":"","meta":{"om_disable_all_campaigns":false,"_monsterinsights_skip_tracking":false,"_monsterinsights_sitenote_active":false,"_monsterinsights_sitenote_note":"","_monsterinsights_sitenote_category":0,"footnotes":""},"class_list":["post-9098","page","type-page","status-publish","hentry"],"aioseo_notices":[],"rttpg_featured_image_url":null,"rttpg_author":{"display_name":"H. AYUNTAMIENTO DE TACAMBARO","author_link":"https:\/\/tacambaro.gob.mx\/?author=1"},"rttpg_comment":0,"rttpg_category":null,"rttpg_excerpt":"1. Informaci\u00f3n adicional a la iniciativa de Ley de Ingresos 2020 2. Informaci\u00f3n adicional del Proyecto del Presupuesto de Egresos 2020 3. Difusi\u00f3n a la ciudadan\u00eda de la Ley de Ingresos y del Presupuesto de Egresos 2020 4. Calendario de Ingresos Base Mensual 2020 5. Calendario de Egresos Base Mensual 2020 6. Remuneraci\u00f3n de Presidente&hellip;","_links":{"self":[{"href":"https:\/\/tacambaro.gob.mx\/index.php?rest_route=\/wp\/v2\/pages\/9098","targetHints":{"allow":["GET"]}}],"collection":[{"href":"https:\/\/tacambaro.gob.mx\/index.php?rest_route=\/wp\/v2\/pages"}],"about":[{"href":"https:\/\/tacambaro.gob.mx\/index.php?rest_route=\/wp\/v2\/types\/page"}],"author":[{"embeddable":true,"href":"https:\/\/tacambaro.gob.mx\/index.php?rest_route=\/wp\/v2\/users\/1"}],"replies":[{"embeddable":true,"href":"https:\/\/tacambaro.gob.mx\/index.php?rest_route=%2Fwp%2Fv2%2Fcomments&post=9098"}],"version-history":[{"count":8,"href":"https:\/\/tacambaro.gob.mx\/index.php?rest_route=\/wp\/v2\/pages\/9098\/revisions"}],"predecessor-version":[{"id":10670,"href":"https:\/\/tacambaro.gob.mx\/index.php?rest_route=\/wp\/v2\/pages\/9098\/revisions\/10670"}],"wp:attachment":[{"href":"https:\/\/tacambaro.gob.mx\/index.php?rest_route=%2Fwp%2Fv2%2Fmedia&parent=9098"}],"curies":[{"name":"wp","href":"https:\/\/api.w.org\/{rel}","templated":true}]}}